{"id":3,"date":"2020-01-29T18:36:02","date_gmt":"2020-01-29T17:36:02","guid":{"rendered":"https:\/\/www.implantate-soest.de\/?page_id=3"},"modified":"2021-07-16T07:51:18","modified_gmt":"2021-07-16T05:51:18","slug":"datenschutzerklaerung","status":"publish","type":"page","link":"https:\/\/www.implantate-soest.de\/?page_id=3","title":{"rendered":"Datenschutzerkl\u00e4rung"},"content":{"rendered":"\t\t<div data-elementor-type=\"wp-page\" data-elementor-id=\"3\" class=\"elementor elementor-3\">\n\t\t\t\t\t\t<section class=\"elementor-section elementor-top-section elementor-element elementor-element-72ab1dbf elementor-section-boxed elementor-section-height-default elementor-section-height-default\" data-id=\"72ab1dbf\" data-element_type=\"section\">\n\t\t\t\t\t\t<div class=\"elementor-container elementor-column-gap-default\">\n\t\t\t\t\t<div class=\"elementor-column elementor-col-100 elementor-top-column elementor-element elementor-element-322a0d7f\" data-id=\"322a0d7f\" data-element_type=\"column\">\n\t\t\t<div class=\"elementor-widget-wrap elementor-element-populated\">\n\t\t\t\t\t\t<div class=\"elementor-element elementor-element-26bf1b1e elementor-widget elementor-widget-text-editor\" data-id=\"26bf1b1e\" data-element_type=\"widget\" data-widget_type=\"text-editor.default\">\n\t\t\t\t<div class=\"elementor-widget-container\">\n\t\t\t\t\t\t\t\t\t<p><\/p>\n<p>Der Schutz Ihrer Daten und die Wahrung Ihrer Privatsph\u00e4re ist f\u00fcr uns sehr wichtig. Um zu gew\u00e4hrleisten, dass Sie in vollem Umfang \u00fcber die Erhebung und Verwendung personenbezogener Daten auf unserer Homepage Bescheid wissen, nehmen Sie bitte nachstehende Informationen zur Kenntnis.<\/p>\n<h2 class=\"wp-block-heading\">Information \u00fcber die Erhebung personenbezogener Daten und Kontaktdaten des Verantwortlichen<\/h2>\n<p><strong>Personenbezogene Daten sind hierbei alle Daten, mit denen Sie pers\u00f6nlich identifiziert werden k\u00f6nnen.<\/strong><\/p>\n<p>Verantwortlicher f\u00fcr die Datenverarbeitung auf dieser Website im Sinne der Datenschutz-Grundverordnung (DSGVO) ist<\/p>\n<p><strong>Gemeinschaftspraxis Dres. Biegel<\/strong><br \/>Puppenstra\u00dfe 6-8<br \/>59494 Soest<br \/>Telefon:\u00a0<span style=\"color: #000080;\"><a style=\"color: #000080;\" href=\"tel:02921-2014\">02921-2014<\/a><\/span><br \/>Telefax: 02921-15643<br \/>E-Mail:\u00a0<span style=\"color: #000080;\"><a style=\"color: #000080;\" href=\"mailto:info@implantate-soest.de\">info@implantate-soest.de<\/a><\/span><br \/>Homepage: http:\/\/www.implantate-soest.de<\/p>\n<p>Der f\u00fcr die Verarbeitung von personenbezogenen Daten Verantwortliche ist diejenige nat\u00fcrliche oder juristische Person, die allein oder gemeinsam mit anderen \u00fcber die Zwecke und Mittel der Verarbeitung von personenbezogenen Daten entscheidet. Erreichen k\u00f6nnen Sie diese \u00fcber die vorgenannten Kontaktdaten bzw. Mailadresse.<\/p>\n<h2>Anschrift des Datenschutzbeauftragten<\/h2>\n<p><strong>Unseren Datenschutzbeauftragten erreichen Sie per Post oder Mail:<\/strong><\/p>\n<p><strong>Gemeinschaftspraxis Dres. Biegel<\/strong><br \/>Puppenstra\u00dfe 6-8<br \/>59494 Soest<br \/>Telefon:\u00a0<span style=\"color: #000080;\"><a style=\"color: #000080;\" href=\"tel:02921-2014\">02921-2014<\/a><\/span><br \/>Telefax: 02921-15643<br \/>E-Mail:\u00a0<span style=\"color: #000080;\"><a style=\"color: #000080;\" href=\"mailto:info@implantate-soest.de\">info@implantate-soest.de<\/a><\/span><br \/>Homepage: http:\/\/www.implantate-soest.de<\/p>\n<h2>Datenerfassung beim Besuch unserer Website<\/h2>\n<p>Bei der blo\u00df informatorischen Nutzung unserer Website, also wenn Sie sich nicht registrieren oder uns anderweitig Informationen \u00fcbermitteln, erheben wir nur solche Daten, die uns Ihr Browser \u00fcbermittelt (sog. \u201eServer-Logfiles\u201c). Wenn Sie unsere Website aufrufen, erheben wir die folgenden Daten, die f\u00fcr uns technisch erforderlich sind, um Ihnen die Website anzuzeigen:<\/p>\n<ul class=\"auflistung\">\n<li>Unsere besuchte Website<\/li>\n<li>Datum und Uhrzeit zum Zeitpunkt des Zugriffes<\/li>\n<li>Menge der gesendeten Daten in Byte<\/li>\n<li>Quelle\/Verweis, von woher Sie auf die Seite gelangten<\/li>\n<li>Verwendeter Browser<\/li>\n<li>Verwendetes Betriebssystem<\/li>\n<li>Verwendete IP-Adresse in anonymisierter Form<\/li>\n<li>Die Verarbeitung erfolgt gem\u00e4\u00df Art. 6 Abs. 1 lit. f DSGVO auf Basis unseres berechtigten Interesses an der Verbesserung der Stabilit\u00e4t und Funktionalit\u00e4t unserer Website. Eine Weitergabe oder anderweitige Verwendung der Daten findet nicht statt. Wir behalten uns allerdings vor, die Server-Logfiles nachtr\u00e4glich zu \u00fcberpr\u00fcfen, sollten konkrete Anhaltspunkte auf eine rechtswidrige Nutzung hinweisen.<\/li>\n<\/ul>\n<h2>Cookies<\/h2>\n<p>Um den Besuch unserer Website attraktiv zu gestalten und die Nutzung bestimmter Funktionen zu erm\u00f6glichen, verwenden wir auf verschiedenen Seiten sogenannte Cookies. Hierbei handelt es sich um kleine Textdateien, die auf Ihrem Endger\u00e4t abgelegt werden. Einige der von uns verwendeten Cookies werden nach dem Ende der Browser-Sitzung, also nach Schlie\u00dfen Ihres Browsers, wieder gel\u00f6scht (sog. Sitzungs-Cookies). Andere Cookies verbleiben auf Ihrem Endger\u00e4t und erm\u00f6glichen uns oder unseren Partnerunternehmen (Cookies von Drittanbietern), Ihren Browser beim n\u00e4chsten Besuch wiederzuerkennen (persistente Cookies). Werden Cookies gesetzt, erheben und verarbeiten diese im individuellen Umfang bestimmte Nutzerinformationen wie Browser- und Standortdaten sowie IP-Adresswerte. Persistente Cookies werden automatisiert nach einer vorgegebenen Dauer gel\u00f6scht, die sich je nach Cookie unterscheiden kann.<\/p>\n<p>Teilweise dienen die Cookies dazu, durch Speicherung von Einstellungen den Bestellprozess zu vereinfachen (z. B. Merken des Inhalts eines virtuellen Warenkorbs f\u00fcr einen sp\u00e4teren Besuch auf der Website). Sofern durch einzelne von uns implementierte Cookies auch personenbezogene Daten verarbeitet werden, erfolgt die Verarbeitung gem\u00e4\u00df Art. 6 Abs. 1 lit. b DSGVO entweder zur Durchf\u00fchrung des Vertrages oder gem\u00e4\u00df Art. 6 Abs. 1 lit. f DSGVO zur Wahrung unserer berechtigten Interessen an der bestm\u00f6glichen Funktionalit\u00e4t der Website sowie einer kundenfreundlichen und effektiven Ausgestaltung des Seitenbesuchs.<\/p>\n<p>Bitte beachten Sie, dass Sie Ihren Browser so einstellen k\u00f6nnen, dass Sie \u00fcber das Setzen von Cookies informiert werden und einzeln \u00fcber deren Annahme entscheiden oder die Annahme von Cookies f\u00fcr bestimmte F\u00e4lle oder generell ausschlie\u00dfen k\u00f6nnen. Jeder Browser unterscheidet sich in der Art, wie er die Cookie-Einstellungen verwaltet. Diese ist in dem Hilfemen\u00fc jedes Browsers beschrieben, welches Ihnen erl\u00e4utert, wie Sie Ihre Cookie-Einstellungen \u00e4ndern k\u00f6nnen. Diese finden Sie f\u00fcr die jeweiligen Browser unter den folgenden Links:<\/p>\n<ul class=\"auflistung\">\n<li>Internet Explorer:\u00a0<span style=\"color: #000080;\"><a style=\"color: #000080;\" title=\"Gehe zu: http:\/\/windows.microsoft.com\" href=\"http:\/\/windows.microsoft.com\/de-DE\/windows-vista\/Block-or-allow-cookies\" target=\"_blank\" rel=\"noopener\">http:\/\/windows.microsoft.com\/de-DE\/windows-vista\/Block-or-allow-cookies<\/a><\/span><\/li>\n<li>Firefox:\u00a0<span style=\"color: #000080;\"><a style=\"color: #000080;\" title=\"https:\/\/support.mozilla.org\" href=\"https:\/\/support.mozilla.org\/de\/kb\/cookies-erlauben-und-ablehnen\" target=\"_blank\" rel=\"noopener\">https:\/\/support.mozilla.org\/de\/kb\/cookies-erlauben-und-ablehnen<\/a><\/span><\/li>\n<li>Chrome:\u00a0<span style=\"color: #000080;\"><a style=\"color: #000080;\" title=\"Gehe zu: http:\/\/support.google.com\" href=\"http:\/\/support.google.com\/chrome\/bin\/answer.py?hl=de&amp;hlrm=en&amp;answer=95647\" target=\"_blank\" rel=\"noopener\">http:\/\/support.google.com\/chrome\/bin\/answer.py?hl=de&amp;hlrm=en&amp;answer=95647<\/a><\/span><\/li>\n<li>Safari:\u00a0<span style=\"color: #000080;\"><a style=\"color: #000080;\" title=\"Gehe zu: https:\/\/support.apple.com\" href=\"https:\/\/support.apple.com\/de-de\/guide\/safari\/sfri11471\/mac\" target=\"_blank\" rel=\"noopener\">https:\/\/support.apple.com\/de-de\/guide\/safari\/sfri11471\/mac<\/a><\/span><\/li>\n<li>Opera:\u00a0<span style=\"color: #000080;\"><a style=\"color: #000080;\" title=\"Gehe zu: http:\/\/help.opera.com\" href=\"https:\/\/help.opera.com\/de\/latest\/security-and-privacy\/\" target=\"_blank\" rel=\"noopener\">https:\/\/help.opera.com\/de\/latest\/security-and-privacy\/<\/a><\/span><\/li>\n<\/ul>\n<p>Bitte beachten Sie, dass bei Nichtannahme von Cookies die Funktionalit\u00e4t unserer Website eingeschr\u00e4nkt sein kann.<\/p>\n<h2>Kontaktaufnahme<\/h2>\n<p>Im Rahmen der Kontaktaufnahme mit uns (z. B. per Kontaktformular oder E-Mail) werden personenbezogene Daten erhoben. Welche Daten im Falle eines Kontaktformulars erhoben werden, ist aus dem jeweiligen Kontaktformular ersichtlich. Diese Daten werden ausschlie\u00dflich zum Zweck der Beantwortung Ihres Anliegens bzw. f\u00fcr die Kontaktaufnahme und die damit verbundene technische Administration gespeichert und verwendet. Rechtsgrundlage f\u00fcr die Verarbeitung der Daten ist unser berechtigtes Interesse an der Beantwortung Ihres Anliegens gem\u00e4\u00df Art. 6 Abs. 1 lit. f DSGVO. Zielt Ihre Kontaktierung auf den Abschluss eines Vertrages ab, so ist zus\u00e4tzliche Rechtsgrundlage f\u00fcr die Verarbeitung Art. 6 Abs. 1 lit. b DSGVO. Ihre Daten werden nach abschlie\u00dfender Bearbeitung Ihrer Anfrage gel\u00f6scht, dies ist der Fall, wenn sich aus den Umst\u00e4nden entnehmen l\u00e4sst, dass der betroffene Sachverhalt abschlie\u00dfend gekl\u00e4rt ist und sofern keine gesetzlichen Aufbewahrungspflichten entgegenstehen.<\/p>\n<h2>Nutzung Ihrer Daten zur Direktwerbung<\/h2>\n<p>Wenn Sie sich zu unserem E-Mail Newsletter anmelden, insofern wir diesen Service anbieten, \u00fcbersenden wir Ihnen regelm\u00e4\u00dfig Informationen zu unseren Angeboten. Pflichtangabe f\u00fcr die \u00dcbersendung des Newsletters ist allein Ihre E-Mailadresse. Die Angabe weiterer evtl. Daten ist freiwillig und wird verwendet, um Sie pers\u00f6nlich ansprechen zu k\u00f6nnen. F\u00fcr den Versand des Newsletters verwenden wir das sog. Double Opt-in Verfahren. Dies bedeutet, dass wir Ihnen erst dann einen E-Mail Newsletter \u00fcbermitteln werden, wenn Sie uns ausdr\u00fccklich best\u00e4tigt haben, dass Sie in den Versand von Newsletter einwilligen. Wir schicken Ihnen dann eine Best\u00e4tigungs-E-Mail, mit der Sie gebeten werden durch Anklicken eines entsprechenden Links zu best\u00e4tigen, dass Sie k\u00fcnftig Newsletter erhalten wollen.<\/p>\n<p>Mit der Aktivierung des Best\u00e4tigungslinks erteilen Sie uns Ihre Einwilligung f\u00fcr die Nutzung Ihrer personenbezogenen Daten gem\u00e4\u00df Art. 6 Abs. 1 lit. a DSGVO. Bei der Anmeldung zum Newsletter speichern wir Ihre vom Internet Service-Provider (ISP) eingetragene IP-Adresse sowie das Datum und die Uhrzeit der Anmeldung, um einen m\u00f6glichen Missbrauch Ihrer E-Mail-Adresse zu einem sp\u00e4teren Zeitpunkt nachvollziehen zu k\u00f6nnen. Die von uns bei der Anmeldung zum Newsletter erhobenen Daten werden ausschlie\u00dflich f\u00fcr Zwecke der werblichen Ansprache im Wege des Newsletters benutzt. Sie k\u00f6nnen den Newsletter jederzeit \u00fcber den daf\u00fcr vorgesehenen Link im Newsletter oder durch entsprechende Nachricht an den eingangs genannten Verantwortlichen abbestellen. Nach erfolgter Abmeldung wird Ihre E-Mailadresse unverz\u00fcglich in unserem Newsletter-Verteiler gel\u00f6scht, soweit Sie nicht ausdr\u00fccklich in eine weitere Nutzung Ihrer Daten eingewilligt haben oder wir uns eine dar\u00fcberhinausgehende Datenverwendung vorbehalten, die gesetzlich erlaubt ist und \u00fcber die wir Sie in dieser Erkl\u00e4rung informieren.<\/p>\n<h2>Rechte des Betroffenen<\/h2>\n<p>Das geltende Datenschutzrecht gew\u00e4hrt Ihnen gegen\u00fcber dem Verantwortlichen hinsichtlich der Verarbeitung Ihrer personenbezogenen Daten umfassende Betroffenenrechte (Auskunfts- und Interventionsrechte), \u00fcber die wir Sie nachstehend informieren:<\/p>\n<p><strong>Auskunftsrecht gem\u00e4\u00df Art. 15 DSGVO:<\/strong>\u00a0Sie haben insbesondere ein Recht auf Auskunft \u00fcber Ihre von uns verarbeiteten personenbezogenen Daten, die Verarbeitungszwecke, die Kategorien der verarbeiteten personenbezogenen Daten, die Empf\u00e4nger oder Kategorien von Empf\u00e4ngern, gegen\u00fcber denen Ihre Daten offengelegt wurden oder werden, die geplante Speicherdauer bzw. die Kriterien f\u00fcr die Festlegung der Speicherdauer, das Bestehen eines Rechts auf Berichtigung, L\u00f6schung, Einschr\u00e4nkung der Verarbeitung, Widerspruch gegen die Verarbeitung, Beschwerde bei einer Aufsichtsbeh\u00f6rde, die Herkunft Ihrer Daten, wenn diese nicht durch uns bei Ihnen erhoben wurden, das Bestehen einer automatisierten Entscheidungsfindung einschlie\u00dflich Profiling und ggf. aussagekr\u00e4ftige Informationen \u00fcber die involvierte Logik und die Sie betreffende Tragweite und die angestrebten Auswirkungen einer solchen Verarbeitung, sowie Ihr Recht auf Unterrichtung, welche Garantien gem\u00e4\u00df Art. 46 DSGVO bei Weiterleitung Ihrer Daten in Drittl\u00e4nder bestehen;<\/p>\n<p><strong>Recht auf Berichtigung gem\u00e4\u00df Art. 16 DSGVO:<\/strong>\u00a0Sie haben ein Recht auf unverz\u00fcgliche Berichtigung Sie betreffender unrichtiger Daten und\/oder Vervollst\u00e4ndigung Ihrer bei uns gespeicherten unvollst\u00e4ndigen Daten;<\/p>\n<p><strong>Recht auf L\u00f6schung gem\u00e4\u00df Art. 17 DSGVO:<\/strong>\u00a0Sie haben das Recht, die L\u00f6schung Ihrer personenbezogenen Daten bei Vorliegen der Voraussetzungen des Art. 17 Abs. 1 DSGVO zu verlangen. Dieses Recht besteht jedoch insbesondere dann nicht, wenn die Verarbeitung zur Aus\u00fcbung des Rechts auf freie Meinungs\u00e4u\u00dferung und Information, zur Erf\u00fcllung einer rechtlichen Verpflichtung, aus Gr\u00fcnden des \u00f6ffentlichen Interesses oder zur Geltendmachung, Aus\u00fcbung oder Verteidigung von Rechtsanspr\u00fcchen erforderlich ist;<\/p>\n<p><strong>Recht auf Einschr\u00e4nkung der Verarbeitung gem\u00e4\u00df Art. 18 DSGVO:<\/strong>\u00a0Sie haben das Recht, die Einschr\u00e4nkung der Verarbeitung Ihrer personenbezogenen Daten zu verlangen, solange die von Ihnen bestrittene Richtigkeit Ihrer Daten \u00fcberpr\u00fcft wird, wenn Sie eine L\u00f6schung Ihrer Daten wegen unzul\u00e4ssiger Datenverarbeitung ablehnen und stattdessen die Einschr\u00e4nkung der Verarbeitung Ihrer Daten verlangen, wenn Sie Ihre Daten zur Geltendmachung, Aus\u00fcbung oder Verteidigung von Rechtsanspr\u00fcchen ben\u00f6tigen, nachdem wir diese Daten nach Zweckerreichung nicht mehr ben\u00f6tigen oder wenn Sie Widerspruch aus Gr\u00fcnden Ihrer besonderen Situation eingelegt haben, solange noch nicht feststeht, ob unsere berechtigten Gr\u00fcnde \u00fcberwiegen;<\/p>\n<p><strong>Recht auf Unterrichtung gem\u00e4\u00df Art. 19 DSGVO:<\/strong>\u00a0Haben Sie das Recht auf Berichtigung, L\u00f6schung oder Einschr\u00e4nkung der Verarbeitung gegen\u00fcber dem Verantwortlichen geltend gemacht, ist dieser verpflichtet, allen Empf\u00e4ngern, denen die Sie betreffenden personenbezogenen Daten offengelegt wurden, diese Berichtigung oder L\u00f6schung der Daten oder Einschr\u00e4nkung der Verarbeitung mitzuteilen, es sei denn, dies erweist sich als unm\u00f6glich oder ist mit einem unverh\u00e4ltnism\u00e4\u00dfigen Aufwand verbunden. Ihnen steht das Recht zu, \u00fcber diese Empf\u00e4nger unterrichtet zu werden. Recht auf Daten\u00fcbertragbarkeit gem\u00e4\u00df Art. 20 DSGVO: Sie haben das Recht, Ihre personenbezogenen Daten, die Sie uns bereitgestellt haben, in einem strukturierten, g\u00e4ngigen und maschinenlesebaren Format zu erhalten oder die \u00dcbermittlung an einen anderen Verantwortlichen zu verlangen, soweit dies technisch machbar ist;<\/p>\n<p><strong>Recht auf Widerruf erteilter Einwilligungen gem\u00e4\u00df Art. 7 Abs. 3 DSGVO:<\/strong>\u00a0Sie haben das Recht, eine einmal erteilte Einwilligung in die Verarbeitung von Daten jederzeit mit Wirkung f\u00fcr die Zukunft zu widerrufen. Im Falle des Widerrufs werden wir die betroffenen Daten unverz\u00fcglich l\u00f6schen, sofern eine weitere Verarbeitung nicht auf eine Rechtsgrundlage zur einwilligungslosen Verarbeitung gest\u00fctzt werden kann. Durch den Widerruf der Einwilligung wird die Rechtm\u00e4\u00dfigkeit der aufgrund der Einwilligung bis zum Widerruf erfolgten Verarbeitung nicht ber\u00fchrt;<\/p>\n<p><strong>Recht auf Beschwerde gem\u00e4\u00df Art. 77 DSGVO:<\/strong>\u00a0Wenn Sie der Ansicht sind, dass die Verarbeitung der Sie betreffenden personenbezogenen Daten gegen die DSGVO verst\u00f6\u00dft, haben Sie &#8211; unbeschadet eines anderweitigen verwaltungsrechtlichen oder gerichtlichen Rechtsbehelfs &#8211; das Recht auf Beschwerde bei einer Aufsichtsbeh\u00f6rde, insbesondere in dem Mitgliedstaat Ihres Aufenthaltsortes, Ihres Arbeitsplatzes oder des Ortes des mutma\u00dflichen Versto\u00dfes.<\/p>\n<h2>Widerspruchsrecht<\/h2>\n<p>Wenn wir im Rahmen einer Interessenabw\u00e4gung Ihre personenbezogenen Daten aufgrund unseres \u00fcberwiegenden berechtigten Interesses verarbeiten, haben Sie das jederzeitige Recht, aus Gr\u00fcnden, die sich aus Ihrer besonderen Situation ergeben, gegen diese Verarbeitung Widerspruch mit Wirkung f\u00fcr die Zukunft einzulegen.<\/p>\n<p>Machen Sie von Ihrem Widerspruchsrecht Gebrauch, beenden wir die Verarbeitung der betroffenen Daten. Eine Weiterverarbeitung bleibt aber vorbehalten, wenn wir zwingende schutzw\u00fcrdige Gr\u00fcnde f\u00fcr die Verarbeitung nachweisen k\u00f6nnen, die Ihre Interessen, Grundrechte und Grundfreiheiten \u00fcberwiegen, oder wenn die Verarbeitung der Geltendmachung, Aus\u00fcbung oder Verteidigung von Rechtsanspr\u00fcchen dient.<\/p>\n<p>Werden Ihre personenbezogenen Daten von uns verarbeitet, um Direktwerbung zu betreiben, haben Sie das Recht, jederzeit Widerspruch gegen die Verarbeitung Sie betreffender personenbezogener Daten zum Zwecke derartiger Werbung einzulegen. Sie k\u00f6nnen den Widerspruch wie oben beschrieben aus\u00fcben.<\/p>\n<p>Machen Sie von Ihrem Widerspruchsrecht Gebrauch, beenden wir die Verarbeitung der betroffenen Daten zu Direktwerbezwecken.<\/p>\n<h2>Dauer der Speicherung personenbezogener Daten<\/h2>\n<p>Die Dauer der Speicherung von personenbezogenen Daten bemisst sich anhand der jeweiligen gesetzlichen Aufbewahrungsfrist (z. B. handels- und steuerrechtliche Aufbewahrungsfristen). Nach Ablauf der Frist werden die entsprechenden Daten routinem\u00e4\u00dfig gel\u00f6scht, sofern sie nicht mehr zur Vertragserf\u00fcllung oder Vertragsanbahnung erforderlich sind und\/oder unsererseits kein berechtigtes Interesse an der Weiterspeicherung fortbesteht.<\/p>\n<h2>Einsatz von Google-Analytics mit Anonymisierungsfunktion<\/h2>\n<p>Wir setzen u.U. auf unserer Seite Google-Analytics, einen Webanalysedienst der Firma Google Ireland Limited, Gordon House, 4 Barrow St, Dublin, D04 E5W5, Irland, nachfolgend \u201eGoogle\u201c ein. Google-Analytics verwendet sog. \u201eCookies\u201c, Textdateien, die auf Ihrem Computer gespeichert werden und hierdurch eine Analyse der Benutzung der Website durch Sie erm\u00f6glichen.<\/p>\n<p>Die durch diese Cookies erzeugten Informationen, beispielsweise Zeit, Ort und H\u00e4ufigkeit Ihres Webseiten-Besuchs einschlie\u00dflich Ihrer IP-Adresse, werden an Google in den USA \u00fcbertragen und dort gespeichert.<\/p>\n<p>Wir verwenden auf unserer Website Google-Analytics mit einer IP-Anonymisierungsfunktion. Ihre IP-Adresse wird in diesem Fall von Google schon innerhalb von Mitgliedstaaten der Europ\u00e4ischen Union oder in anderen Vertragsstaaten des Abkommens \u00fcber den Europ\u00e4ischen Wirtschaftsraum gek\u00fcrzt und dadurch anonymisiert.<\/p>\n<p>Google wird diese Informationen benutzen, um Ihre Nutzung unserer Seite auszuwerten, um Reports \u00fcber die Websiteaktivit\u00e4ten f\u00fcr uns zusammenzustellen und um weitere mit der Websitenutzung und der Internetnutzung verbundene Dienstleistungen zu erbringen. Auch wird Google diese Informationen gegebenenfalls an Dritte \u00fcbertragen, sofern dies gesetzlich vorgeschrieben oder soweit Dritte diese Daten im Auftrag von Google verarbeiten.<\/p>\n<p>Google wird, nach eigenen Angaben, in keinem Fall Ihre IP-Adresse mit anderen Daten von Google in Verbindung bringen. Sie k\u00f6nnen die Installation der Cookies durch eine entsprechende Einstellung Ihrer Browser-Software verhindern; wir weisen Sie jedoch darauf hin, dass Sie in diesem Fall gegebenenfalls nicht s\u00e4mtliche Funktionen unserer Website vollumf\u00e4nglich nutzen k\u00f6nnen.<\/p>\n<p>Des Weiteren bietet Google f\u00fcr die g\u00e4ngigsten Browser eine Deaktivierungsoption an, welche Ihnen mehr Kontrolle dar\u00fcber gibt, welche Daten von Google erfasst und verarbeitet werden. Sollte Sie diese Option aktivieren, werden keine Informationen zum Website-Besuch an Google Analytics \u00fcbermittelt. Die Aktivierung verhindert aber nicht, dass Informationen an uns oder an andere von uns gegebenenfalls eingesetzte Webanalyse-Services \u00fcbermittelt werden. Weitere Informationen zu der von Google bereitgestellten Deaktivierungsoption sowie zu der Aktivierung dieser Option, erhalten Sie \u00fcber nachfolgenden Link:\u00a0<span style=\"color: #000080;\"><a style=\"color: #000080;\" title=\"Gehe zu: https:\/\/tools.google.com\/dlpage\/gaoptout?hl=de\" href=\"https:\/\/tools.google.com\/dlpage\/gaoptout?hl=de\" target=\"_blank\" rel=\"noopener\">https:\/\/tools.google.com\/dlpage\/gaoptout?hl=de<\/a><\/span><\/p>\n<h2>Einsatz von Google-Maps<\/h2>\n<p>Wir setzen auf unserer Seite u.U. die Komponente &#8222;Google Maps&#8220; der Firma Google Ireland Limited, Gordon House, 4 Barrow St, Dublin, D04 E5W5, Irland, nachfolgend \u201eGoogle\u201c, ein.<\/p>\n<p>Bei jedem einzelnen Aufruf der Komponente &#8222;Google Maps&#8220; wird von Google ein Cookie gesetzt, um bei der Anzeige der Seite, auf der die Komponente &#8222;Google Maps&#8220; integriert ist, Nutzereinstellungen und -daten zu verarbeiten. Dieses Cookie wird im Regelfall nicht durch das Schlie\u00dfen des Browsers gel\u00f6scht, sondern l\u00e4uft nach einer bestimmten Zeit ab, soweit es nicht von Ihnen zuvor manuell gel\u00f6scht wird.<\/p>\n<p>Wenn Sie mit dieser Verarbeitung Ihrer Daten nicht einverstanden sind, so besteht die M\u00f6glichkeit, den Service von &#8222;Google Maps&#8220; zu deaktivieren und auf diesem Weg die \u00dcbertragung von Daten an Google zu verhindern. Dazu m\u00fcssen Sie die Java-Script-Funktion in Ihrem Browser deaktivieren. Wir weisen Sie jedoch darauf hin, dass Sie in diesem Fall die &#8222;Google Maps&#8220; nicht oder nur eingeschr\u00e4nkt nutzen k\u00f6nnen.<\/p>\n<p>Die Nutzung von &#8222;Google Maps&#8220; und der \u00fcber &#8222;Google Maps&#8220; erlangten Informationen erfolgt gem\u00e4\u00df den Google-Nutzungsbedingungen<br \/><span style=\"color: #000080;\"><a style=\"color: #000080;\" title=\"Gehe zu: http:\/\/www.google.de\" href=\"http:\/\/www.google.de\/intl\/de\/policies\/terms\/regional.html\" target=\"_blank\" rel=\"noopener\">http:\/\/www.google.de\/intl\/de\/policies\/terms\/regional.html<\/a><\/span><br \/>sowie der zus\u00e4tzlichen Gesch\u00e4ftsbedingungen f\u00fcr \u201eGoogle Maps\u201c<br \/><a title=\"Gehe zu: https:\/\/www.google.com\" href=\"https:\/\/www.google.com\/intl\/de_de\/help\/terms_maps.html\" target=\"_blank\" rel=\"noopener\"><span style=\"color: #000080;\">https:\/\/www.google.com\/intl\/de_de\/help\/terms_maps.html<\/span><\/a>.<\/p>\n<h2>Verwendung von Scriptbibliotheken (Google Webfonts)<\/h2>\n<p>Um unsere Inhalte u.U. browser\u00fcbergreifend korrekt und grafisch ansprechend darzustellen, verwenden wir auf dieser Website Scriptbibliotheken und Schriftbibliotheken wie z. B. Google Webfonts (<span style=\"color: #000080;\"><a style=\"color: #000080;\" title=\"Gehe zu: https:\/\/www.google.com\" href=\"https:\/\/www.google.com\/webfonts\/\" target=\"_blank\" rel=\"noopener\">https:\/\/www.google.com\/webfonts\/<\/a><\/span>). Google Webfonts werden zur Vermeidung mehrfachen Ladens in den Cache Ihres Browsers \u00fcbertragen. Falls der Browser die Google Webfonts nicht unterst\u00fctzt oder den Zugriff unterbindet, werden Inhalte in einer Standardschrift angezeigt.<\/p>\n<p>Der Aufruf von Scriptbibliotheken oder Schriftbibliotheken l\u00f6st automatisch eine Verbindung zum Betreiber der Bibliothek aus. Dabei ist es theoretisch m\u00f6glich \u2013 aktuell allerdings auch unklar ob und ggf. zu welchen Zwecken \u2013 dass Betreiber entsprechender Bibliotheken Daten erheben.<\/p>\n<p>Die Datenschutzrichtlinie des Bibliothekbetreibers Google finden Sie hier:\u00a0<span style=\"color: #000080;\"><a style=\"color: #000080;\" title=\"Gehe zu: https:\/\/www.google.com\" href=\"https:\/\/www.google.com\/policies\/privacy\/\" target=\"_blank\" rel=\"noopener\">https:\/\/www.google.com\/policies\/privacy\/<\/a><\/span><\/p>\n<h2>Weitere Informationen und Kontakte<\/h2>\n<p>Wenn Sie weitere Fragen zum Thema &#8222;Datenschutz&#8220; haben, kontaktieren Sie uns bitte. Die Kontaktadresse finden Sie in unserem Impressum.<\/p>\n<p><\/p>\t\t\t\t\t\t\t\t<\/div>\n\t\t\t\t<\/div>\n\t\t\t\t\t<\/div>\n\t\t<\/div>\n\t\t\t\t\t<\/div>\n\t\t<\/section>\n\t\t\t\t<\/div>\n\t\t","protected":false},"excerpt":{"rendered":"<p>Der Schutz Ihrer Daten und die Wahrung Ihrer Privatsph\u00e4re ist f\u00fcr uns sehr wichtig. Um zu gew\u00e4hrleisten, dass Sie in vollem Umfang \u00fcber die Erhebung und Verwendung personenbezogener Daten auf unserer Homepage Bescheid wissen, nehmen Sie bitte nachstehende Informationen zur Kenntnis. Information \u00fcber die Erhebung personenbezogener Daten und Kontaktdaten des Verantwortlichen Personenbezogene Daten sind hierbei [&hellip;]<\/p>\n","protected":false},"author":1,"featured_media":0,"parent":0,"menu_order":0,"comment_status":"closed","ping_status":"open","template":"","meta":{"footnotes":""},"_links":{"self":[{"href":"https:\/\/www.implantate-soest.de\/index.php?rest_route=\/wp\/v2\/pages\/3"}],"collection":[{"href":"https:\/\/www.implantate-soest.de\/index.php?rest_route=\/wp\/v2\/pages"}],"about":[{"href":"https:\/\/www.implantate-soest.de\/index.php?rest_route=\/wp\/v2\/types\/page"}],"author":[{"embeddable":true,"href":"https:\/\/www.implantate-soest.de\/index.php?rest_route=\/wp\/v2\/users\/1"}],"replies":[{"embeddable":true,"href":"https:\/\/www.implantate-soest.de\/index.php?rest_route=%2Fwp%2Fv2%2Fcomments&post=3"}],"version-history":[{"count":7,"href":"https:\/\/www.implantate-soest.de\/index.php?rest_route=\/wp\/v2\/pages\/3\/revisions"}],"predecessor-version":[{"id":485,"href":"https:\/\/www.implantate-soest.de\/index.php?rest_route=\/wp\/v2\/pages\/3\/revisions\/485"}],"wp:attachment":[{"href":"https:\/\/www.implantate-soest.de\/index.php?rest_route=%2Fwp%2Fv2%2Fmedia&parent=3"}],"curies":[{"name":"wp","href":"https:\/\/api.w.org\/{rel}","templated":true}]}}