{"id":1400,"date":"2024-09-24T09:40:58","date_gmt":"2024-09-24T07:40:58","guid":{"rendered":"https:\/\/www.implantate-soest.de\/?page_id=1400"},"modified":"2024-11-22T09:15:27","modified_gmt":"2024-11-22T08:15:27","slug":"labor-2","status":"publish","type":"page","link":"https:\/\/www.implantate-soest.de\/?page_id=1400","title":{"rendered":"Labor"},"content":{"rendered":"\t\t<div data-elementor-type=\"wp-page\" data-elementor-id=\"1400\" class=\"elementor elementor-1400\">\n\t\t\t\t\t\t<section class=\"elementor-section elementor-top-section elementor-element elementor-element-f15b7c0 elementor-section-boxed elementor-section-height-default elementor-section-height-default\" data-id=\"f15b7c0\" data-element_type=\"section\">\n\t\t\t\t\t\t<div class=\"elementor-container elementor-column-gap-default\">\n\t\t\t\t\t<div class=\"elementor-column elementor-col-100 elementor-top-column elementor-element elementor-element-d39f9c4\" data-id=\"d39f9c4\" data-element_type=\"column\">\n\t\t\t<div class=\"elementor-widget-wrap elementor-element-populated\">\n\t\t\t\t\t\t<div class=\"elementor-element elementor-element-1a1b4d9 elementor-widget elementor-widget-spacer\" data-id=\"1a1b4d9\" data-element_type=\"widget\" data-widget_type=\"spacer.default\">\n\t\t\t\t<div class=\"elementor-widget-container\">\n\t\t\t\t\t\t\t<div class=\"elementor-spacer\">\n\t\t\t<div class=\"elementor-spacer-inner\"><\/div>\n\t\t<\/div>\n\t\t\t\t\t\t<\/div>\n\t\t\t\t<\/div>\n\t\t\t\t\t<\/div>\n\t\t<\/div>\n\t\t\t\t\t<\/div>\n\t\t<\/section>\n\t\t\t\t<section class=\"elementor-section elementor-top-section elementor-element elementor-element-dba36a3 elementor-section-boxed elementor-section-height-default elementor-section-height-default\" data-id=\"dba36a3\" data-element_type=\"section\">\n\t\t\t\t\t\t<div class=\"elementor-container elementor-column-gap-default\">\n\t\t\t\t\t<div class=\"elementor-column elementor-col-100 elementor-top-column elementor-element elementor-element-446da9a\" data-id=\"446da9a\" data-element_type=\"column\">\n\t\t\t<div class=\"elementor-widget-wrap elementor-element-populated\">\n\t\t\t\t\t\t<div class=\"elementor-element elementor-element-f9d25fe elementor-widget elementor-widget-heading\" data-id=\"f9d25fe\" data-element_type=\"widget\" data-widget_type=\"heading.default\">\n\t\t\t\t<div class=\"elementor-widget-container\">\n\t\t\t\t\t<h1 class=\"elementor-heading-title elementor-size-default\">Das Praxislabor<\/h1>\t\t\t\t<\/div>\n\t\t\t\t<\/div>\n\t\t\t\t<div class=\"elementor-element elementor-element-a297703 elementor-widget-divider--view-line elementor-widget elementor-widget-divider\" data-id=\"a297703\" data-element_type=\"widget\" data-widget_type=\"divider.default\">\n\t\t\t\t<div class=\"elementor-widget-container\">\n\t\t\t\t\t\t\t<div class=\"elementor-divider\">\n\t\t\t<span class=\"elementor-divider-separator\">\n\t\t\t\t\t\t<\/span>\n\t\t<\/div>\n\t\t\t\t\t\t<\/div>\n\t\t\t\t<\/div>\n\t\t\t\t<section class=\"elementor-section elementor-inner-section elementor-element elementor-element-9db1b1f elementor-section-full_width elementor-section-height-default elementor-section-height-default\" data-id=\"9db1b1f\" data-element_type=\"section\">\n\t\t\t\t\t\t<div class=\"elementor-container elementor-column-gap-default\">\n\t\t\t\t\t<div class=\"elementor-column elementor-col-50 elementor-inner-column elementor-element elementor-element-1da7135\" data-id=\"1da7135\" data-element_type=\"column\">\n\t\t\t<div class=\"elementor-widget-wrap elementor-element-populated\">\n\t\t\t\t\t\t<div class=\"elementor-element elementor-element-29b5dee elementor-widget__width-initial elementor-widget elementor-widget-text-editor\" data-id=\"29b5dee\" data-element_type=\"widget\" data-widget_type=\"text-editor.default\">\n\t\t\t\t<div class=\"elementor-widget-container\">\n\t\t\t\t\t\t\t\t\t<p><span style=\"color: var( --e-global-color-text ); font-family: var( --e-global-typography-text-font-family ), Sans-serif; font-weight: var( --e-global-typography-text-font-weight );\">Unser praxiseigenes zahntechnisches Labor im Haus erm\u00f6glicht eine funktionelle und \u00e4sthetische Optimierung. Anproben, Farbauswahl und Korrekturen k\u00f6nnen in Anwesenheit der Zahntechniker durchgef\u00fchrt werden. Damit wird eine bestm\u00f6gliche Anpassung des neuen Zahnersatzes an den jeweiligen Typ erreicht. Das zahntechnische Labor im Haus bietet schnellen Service bei Reparaturen oder \u00c4nderungen.<\/span><\/p>\t\t\t\t\t\t\t\t<\/div>\n\t\t\t\t<\/div>\n\t\t\t\t\t<\/div>\n\t\t<\/div>\n\t\t\t\t<div class=\"elementor-column elementor-col-50 elementor-inner-column elementor-element elementor-element-71cd5a9\" data-id=\"71cd5a9\" data-element_type=\"column\">\n\t\t\t<div class=\"elementor-widget-wrap elementor-element-populated\">\n\t\t\t\t\t\t<div class=\"elementor-element elementor-element-7afa0d8 elementor-widget elementor-widget-image\" data-id=\"7afa0d8\" data-element_type=\"widget\" data-widget_type=\"image.default\">\n\t\t\t\t<div class=\"elementor-widget-container\">\n\t\t\t\t\t\t\t\t\t\t\t\t\t\t\t\t<a href=\"https:\/\/www.implantate-soest.de\/wp-content\/uploads\/2023\/02\/Labor_neu.jpeg\" data-elementor-open-lightbox=\"yes\" data-e-action-hash=\"#elementor-action%3Aaction%3Dlightbox%26settings%3DeyJpZCI6NjY0LCJ1cmwiOiJodHRwczpcL1wvd3d3LmltcGxhbnRhdGUtc29lc3QuZGVcL3dwLWNvbnRlbnRcL3VwbG9hZHNcLzIwMjNcLzAyXC9MYWJvcl9uZXUuanBlZyJ9\">\n\t\t\t\t\t\t\t<img fetchpriority=\"high\" decoding=\"async\" width=\"640\" height=\"480\" src=\"https:\/\/www.implantate-soest.de\/wp-content\/uploads\/2023\/02\/Labor_neu-1024x768.jpeg\" class=\"attachment-large size-large wp-image-664\" alt=\"\" srcset=\"https:\/\/www.implantate-soest.de\/wp-content\/uploads\/2023\/02\/Labor_neu-1024x768.jpeg 1024w, https:\/\/www.implantate-soest.de\/wp-content\/uploads\/2023\/02\/Labor_neu-300x225.jpeg 300w, https:\/\/www.implantate-soest.de\/wp-content\/uploads\/2023\/02\/Labor_neu-768x576.jpeg 768w, https:\/\/www.implantate-soest.de\/wp-content\/uploads\/2023\/02\/Labor_neu-1536x1152.jpeg 1536w, https:\/\/www.implantate-soest.de\/wp-content\/uploads\/2023\/02\/Labor_neu.jpeg 1600w\" sizes=\"(max-width: 640px) 100vw, 640px\" \/>\t\t\t\t\t\t\t\t<\/a>\n\t\t\t\t\t\t\t\t\t\t\t\t\t\t\t<\/div>\n\t\t\t\t<\/div>\n\t\t\t\t\t<\/div>\n\t\t<\/div>\n\t\t\t\t\t<\/div>\n\t\t<\/section>\n\t\t\t\t\t<\/div>\n\t\t<\/div>\n\t\t\t\t\t<\/div>\n\t\t<\/section>\n\t\t\t\t<section class=\"elementor-section elementor-top-section elementor-element elementor-element-3e11605 elementor-section-boxed elementor-section-height-default elementor-section-height-default\" data-id=\"3e11605\" data-element_type=\"section\">\n\t\t\t\t\t\t<div class=\"elementor-container elementor-column-gap-default\">\n\t\t\t\t\t<div class=\"elementor-column elementor-col-100 elementor-top-column elementor-element elementor-element-ded36ee\" data-id=\"ded36ee\" data-element_type=\"column\">\n\t\t\t<div class=\"elementor-widget-wrap elementor-element-populated\">\n\t\t\t\t\t\t<div class=\"elementor-element elementor-element-2d7f50f gallery-spacing-custom elementor-widget elementor-widget-image-gallery\" data-id=\"2d7f50f\" data-element_type=\"widget\" data-widget_type=\"image-gallery.default\">\n\t\t\t\t<div class=\"elementor-widget-container\">\n\t\t\t\t\t\t\t<div class=\"elementor-image-gallery\">\n\t\t\t<div id='gallery-1' class='gallery galleryid-1400 gallery-columns-4 gallery-size-full'><figure class='gallery-item'>\n\t\t\t<div class='gallery-icon portrait'>\n\t\t\t\t<a data-elementor-open-lightbox=\"yes\" data-elementor-lightbox-slideshow=\"2d7f50f\" data-e-action-hash=\"#elementor-action%3Aaction%3Dlightbox%26settings%3DeyJpZCI6MTM4MywidXJsIjoiaHR0cHM6XC9cL3d3dy5pbXBsYW50YXRlLXNvZXN0LmRlXC93cC1jb250ZW50XC91cGxvYWRzXC8yMDI0XC8wOVwvR3Jvc3MtSU1HXzE5MzUuanBlZyIsInNsaWRlc2hvdyI6IjJkN2Y1MGYifQ%3D%3D\" href='https:\/\/www.implantate-soest.de\/wp-content\/uploads\/2024\/09\/Gross-IMG_1935.jpeg'><img decoding=\"async\" width=\"853\" height=\"1280\" src=\"https:\/\/www.implantate-soest.de\/wp-content\/uploads\/2024\/09\/Gross-IMG_1935.jpeg\" class=\"attachment-full size-full\" alt=\"\" srcset=\"https:\/\/www.implantate-soest.de\/wp-content\/uploads\/2024\/09\/Gross-IMG_1935.jpeg 853w, https:\/\/www.implantate-soest.de\/wp-content\/uploads\/2024\/09\/Gross-IMG_1935-200x300.jpeg 200w, https:\/\/www.implantate-soest.de\/wp-content\/uploads\/2024\/09\/Gross-IMG_1935-682x1024.jpeg 682w, https:\/\/www.implantate-soest.de\/wp-content\/uploads\/2024\/09\/Gross-IMG_1935-768x1152.jpeg 768w\" sizes=\"(max-width: 853px) 100vw, 853px\" \/><\/a>\n\t\t\t<\/div><\/figure><figure class='gallery-item'>\n\t\t\t<div class='gallery-icon portrait'>\n\t\t\t\t<a data-elementor-open-lightbox=\"yes\" data-elementor-lightbox-slideshow=\"2d7f50f\" data-e-action-hash=\"#elementor-action%3Aaction%3Dlightbox%26settings%3DeyJpZCI6MTM4MiwidXJsIjoiaHR0cHM6XC9cL3d3dy5pbXBsYW50YXRlLXNvZXN0LmRlXC93cC1jb250ZW50XC91cGxvYWRzXC8yMDI0XC8wOVwvR3Jvc3MtSU1HXzE5MjUuanBlZyIsInNsaWRlc2hvdyI6IjJkN2Y1MGYifQ%3D%3D\" href='https:\/\/www.implantate-soest.de\/wp-content\/uploads\/2024\/09\/Gross-IMG_1925.jpeg'><img decoding=\"async\" width=\"853\" height=\"1280\" src=\"https:\/\/www.implantate-soest.de\/wp-content\/uploads\/2024\/09\/Gross-IMG_1925.jpeg\" class=\"attachment-full size-full\" alt=\"\" srcset=\"https:\/\/www.implantate-soest.de\/wp-content\/uploads\/2024\/09\/Gross-IMG_1925.jpeg 853w, https:\/\/www.implantate-soest.de\/wp-content\/uploads\/2024\/09\/Gross-IMG_1925-200x300.jpeg 200w, https:\/\/www.implantate-soest.de\/wp-content\/uploads\/2024\/09\/Gross-IMG_1925-682x1024.jpeg 682w, https:\/\/www.implantate-soest.de\/wp-content\/uploads\/2024\/09\/Gross-IMG_1925-768x1152.jpeg 768w\" sizes=\"(max-width: 853px) 100vw, 853px\" \/><\/a>\n\t\t\t<\/div><\/figure><figure class='gallery-item'>\n\t\t\t<div class='gallery-icon portrait'>\n\t\t\t\t<a data-elementor-open-lightbox=\"yes\" data-elementor-lightbox-slideshow=\"2d7f50f\" data-e-action-hash=\"#elementor-action%3Aaction%3Dlightbox%26settings%3DeyJpZCI6MTM4MSwidXJsIjoiaHR0cHM6XC9cL3d3dy5pbXBsYW50YXRlLXNvZXN0LmRlXC93cC1jb250ZW50XC91cGxvYWRzXC8yMDI0XC8wOVwvR3Jvc3MtSU1HXzE5MjAuanBlZyIsInNsaWRlc2hvdyI6IjJkN2Y1MGYifQ%3D%3D\" href='https:\/\/www.implantate-soest.de\/wp-content\/uploads\/2024\/09\/Gross-IMG_1920.jpeg'><img loading=\"lazy\" decoding=\"async\" width=\"853\" height=\"1280\" src=\"https:\/\/www.implantate-soest.de\/wp-content\/uploads\/2024\/09\/Gross-IMG_1920.jpeg\" class=\"attachment-full size-full\" alt=\"\" srcset=\"https:\/\/www.implantate-soest.de\/wp-content\/uploads\/2024\/09\/Gross-IMG_1920.jpeg 853w, https:\/\/www.implantate-soest.de\/wp-content\/uploads\/2024\/09\/Gross-IMG_1920-200x300.jpeg 200w, https:\/\/www.implantate-soest.de\/wp-content\/uploads\/2024\/09\/Gross-IMG_1920-682x1024.jpeg 682w, https:\/\/www.implantate-soest.de\/wp-content\/uploads\/2024\/09\/Gross-IMG_1920-768x1152.jpeg 768w\" sizes=\"(max-width: 853px) 100vw, 853px\" \/><\/a>\n\t\t\t<\/div><\/figure><figure class='gallery-item'>\n\t\t\t<div class='gallery-icon portrait'>\n\t\t\t\t<a data-elementor-open-lightbox=\"yes\" data-elementor-lightbox-slideshow=\"2d7f50f\" data-e-action-hash=\"#elementor-action%3Aaction%3Dlightbox%26settings%3DeyJpZCI6MTM4MCwidXJsIjoiaHR0cHM6XC9cL3d3dy5pbXBsYW50YXRlLXNvZXN0LmRlXC93cC1jb250ZW50XC91cGxvYWRzXC8yMDI0XC8wOVwvR3Jvc3MtSU1HXzE5MTEuanBlZyIsInNsaWRlc2hvdyI6IjJkN2Y1MGYifQ%3D%3D\" href='https:\/\/www.implantate-soest.de\/wp-content\/uploads\/2024\/09\/Gross-IMG_1911.jpeg'><img loading=\"lazy\" decoding=\"async\" width=\"853\" height=\"1280\" src=\"https:\/\/www.implantate-soest.de\/wp-content\/uploads\/2024\/09\/Gross-IMG_1911.jpeg\" class=\"attachment-full size-full\" alt=\"\" srcset=\"https:\/\/www.implantate-soest.de\/wp-content\/uploads\/2024\/09\/Gross-IMG_1911.jpeg 853w, https:\/\/www.implantate-soest.de\/wp-content\/uploads\/2024\/09\/Gross-IMG_1911-200x300.jpeg 200w, https:\/\/www.implantate-soest.de\/wp-content\/uploads\/2024\/09\/Gross-IMG_1911-682x1024.jpeg 682w, https:\/\/www.implantate-soest.de\/wp-content\/uploads\/2024\/09\/Gross-IMG_1911-768x1152.jpeg 768w\" sizes=\"(max-width: 853px) 100vw, 853px\" \/><\/a>\n\t\t\t<\/div><\/figure>\n\t\t<\/div>\n\t\t<\/div>\n\t\t\t\t\t\t<\/div>\n\t\t\t\t<\/div>\n\t\t\t\t\t<\/div>\n\t\t<\/div>\n\t\t\t\t\t<\/div>\n\t\t<\/section>\n\t\t\t\t<\/div>\n\t\t","protected":false},"excerpt":{"rendered":"<p>Das Praxislabor Unser praxiseigenes zahntechnisches Labor im Haus erm\u00f6glicht eine funktionelle und \u00e4sthetische Optimierung. Anproben, Farbauswahl und Korrekturen k\u00f6nnen in Anwesenheit der Zahntechniker durchgef\u00fchrt werden. Damit wird eine bestm\u00f6gliche Anpassung des neuen Zahnersatzes an den jeweiligen Typ erreicht. Das zahntechnische Labor im Haus bietet schnellen Service bei Reparaturen oder \u00c4nderungen.<\/p>\n","protected":false},"author":2,"featured_media":0,"parent":0,"menu_order":0,"comment_status":"closed","ping_status":"closed","template":"","meta":{"footnotes":""},"_links":{"self":[{"href":"https:\/\/www.implantate-soest.de\/index.php?rest_route=\/wp\/v2\/pages\/1400"}],"collection":[{"href":"https:\/\/www.implantate-soest.de\/index.php?rest_route=\/wp\/v2\/pages"}],"about":[{"href":"https:\/\/www.implantate-soest.de\/index.php?rest_route=\/wp\/v2\/types\/page"}],"author":[{"embeddable":true,"href":"https:\/\/www.implantate-soest.de\/index.php?rest_route=\/wp\/v2\/users\/2"}],"replies":[{"embeddable":true,"href":"https:\/\/www.implantate-soest.de\/index.php?rest_route=%2Fwp%2Fv2%2Fcomments&post=1400"}],"version-history":[{"count":13,"href":"https:\/\/www.implantate-soest.de\/index.php?rest_route=\/wp\/v2\/pages\/1400\/revisions"}],"predecessor-version":[{"id":1557,"href":"https:\/\/www.implantate-soest.de\/index.php?rest_route=\/wp\/v2\/pages\/1400\/revisions\/1557"}],"wp:attachment":[{"href":"https:\/\/www.implantate-soest.de\/index.php?rest_route=%2Fwp%2Fv2%2Fmedia&parent=1400"}],"curies":[{"name":"wp","href":"https:\/\/api.w.org\/{rel}","templated":true}]}}