{"id":1330,"date":"2024-07-06T20:20:45","date_gmt":"2024-07-06T18:20:45","guid":{"rendered":"https:\/\/www.implantate-soest.de\/?page_id=1330"},"modified":"2026-02-17T08:41:24","modified_gmt":"2026-02-17T07:41:24","slug":"startseite","status":"publish","type":"page","link":"https:\/\/www.implantate-soest.de\/","title":{"rendered":"Startseite"},"content":{"rendered":"\t\t<div data-elementor-type=\"wp-page\" data-elementor-id=\"1330\" class=\"elementor elementor-1330\">\n\t\t\t\t\t\t<section class=\"elementor-section elementor-top-section elementor-element elementor-element-c307126 elementor-section-boxed elementor-section-height-default elementor-section-height-default\" data-id=\"c307126\" data-element_type=\"section\">\n\t\t\t\t\t\t<div class=\"elementor-container elementor-column-gap-default\">\n\t\t\t\t\t<div class=\"elementor-column elementor-col-100 elementor-top-column elementor-element elementor-element-9da6f04\" data-id=\"9da6f04\" data-element_type=\"column\">\n\t\t\t<div class=\"elementor-widget-wrap elementor-element-populated\">\n\t\t\t\t\t\t<div class=\"elementor-element elementor-element-dac9ba7 elementor-widget elementor-widget-spacer\" data-id=\"dac9ba7\" data-element_type=\"widget\" data-widget_type=\"spacer.default\">\n\t\t\t\t<div class=\"elementor-widget-container\">\n\t\t\t\t\t\t\t<div class=\"elementor-spacer\">\n\t\t\t<div class=\"elementor-spacer-inner\"><\/div>\n\t\t<\/div>\n\t\t\t\t\t\t<\/div>\n\t\t\t\t<\/div>\n\t\t\t\t\t<\/div>\n\t\t<\/div>\n\t\t\t\t\t<\/div>\n\t\t<\/section>\n\t\t\t\t<section class=\"elementor-section elementor-top-section elementor-element elementor-element-460cb83 elementor-section-boxed elementor-section-height-default elementor-section-height-default\" data-id=\"460cb83\" data-element_type=\"section\">\n\t\t\t\t\t\t<div class=\"elementor-container elementor-column-gap-default\">\n\t\t\t\t\t<div class=\"elementor-column elementor-col-100 elementor-top-column elementor-element elementor-element-fc6f8aa\" data-id=\"fc6f8aa\" data-element_type=\"column\">\n\t\t\t<div class=\"elementor-widget-wrap elementor-element-populated\">\n\t\t\t\t\t\t<div class=\"elementor-element elementor-element-d4d8c98 elementor-widget elementor-widget-heading\" data-id=\"d4d8c98\" data-element_type=\"widget\" data-widget_type=\"heading.default\">\n\t\t\t\t<div class=\"elementor-widget-container\">\n\t\t\t\t\t<h1 class=\"elementor-heading-title elementor-size-default\">Willkommen<\/h1>\t\t\t\t<\/div>\n\t\t\t\t<\/div>\n\t\t\t\t<div class=\"elementor-element elementor-element-d54c4aa elementor-widget elementor-widget-heading\" data-id=\"d54c4aa\" data-element_type=\"widget\" data-widget_type=\"heading.default\">\n\t\t\t\t<div class=\"elementor-widget-container\">\n\t\t\t\t\t<h2 class=\"elementor-heading-title elementor-size-default\">Zahnmedizin aus dem Herzen von Soest<\/h2>\t\t\t\t<\/div>\n\t\t\t\t<\/div>\n\t\t\t\t<div class=\"elementor-element elementor-element-3750303 elementor-widget-divider--view-line elementor-widget elementor-widget-divider\" data-id=\"3750303\" data-element_type=\"widget\" data-widget_type=\"divider.default\">\n\t\t\t\t<div class=\"elementor-widget-container\">\n\t\t\t\t\t\t\t<div class=\"elementor-divider\">\n\t\t\t<span class=\"elementor-divider-separator\">\n\t\t\t\t\t\t<\/span>\n\t\t<\/div>\n\t\t\t\t\t\t<\/div>\n\t\t\t\t<\/div>\n\t\t\t\t<section class=\"elementor-section elementor-inner-section elementor-element elementor-element-5d2dab7 elementor-section-full_width elementor-section-height-default elementor-section-height-default\" data-id=\"5d2dab7\" data-element_type=\"section\">\n\t\t\t\t\t\t<div class=\"elementor-container elementor-column-gap-default\">\n\t\t\t\t\t<div class=\"elementor-column elementor-col-50 elementor-inner-column elementor-element elementor-element-b19885b\" data-id=\"b19885b\" data-element_type=\"column\">\n\t\t\t<div class=\"elementor-widget-wrap elementor-element-populated\">\n\t\t\t\t\t\t<div class=\"elementor-element elementor-element-0e12efc elementor-widget__width-initial elementor-widget elementor-widget-text-editor\" data-id=\"0e12efc\" data-element_type=\"widget\" data-widget_type=\"text-editor.default\">\n\t\t\t\t<div class=\"elementor-widget-container\">\n\t\t\t\t\t\t\t\t\t<p><span style=\"color: var( --e-global-color-text ); font-family: var( --e-global-typography-text-font-family ), Sans-serif; font-weight: var( --e-global-typography-text-font-weight );\">Liebe Patientinnen und Patienten,<\/span><\/p><p>wir m\u00f6chten Sie herzlich auf unserer Homepage begr\u00fc\u00dfen. Hier finden Sie alle Informationen zu unserer Praxis in der Puppenstra\u00dfe 6 in Soest.<\/p><p><span style=\"color: var( --e-global-color-text ); font-family: var( --e-global-typography-text-font-family ), Sans-serif; font-weight: var( --e-global-typography-text-font-weight );\">Von der Parodontologie bis hin zum Zahnersatz aus unserem hauseigenen Labor:\u00a0<\/span><span style=\"color: var( --e-global-color-text ); font-family: var( --e-global-typography-text-font-family ), Sans-serif; font-weight: var( --e-global-typography-text-font-weight );\">Bei uns finden Sie ein breites Spektrum an zahn\u00e4rztlichen Leistungen.\u00a0<\/span><span style=\"color: var( --e-global-color-text ); font-family: var( --e-global-typography-text-font-family ), Sans-serif; font-weight: var( --e-global-typography-text-font-weight );\">Wir k\u00fcmmern uns um Ihr individuelles Anliegen \u2013 WEIL JEDES L\u00c4CHELN Z\u00c4HLT!<\/span><\/p><p><span style=\"color: var( --e-global-color-text ); font-family: var( --e-global-typography-text-font-family ), Sans-serif; font-weight: var( --e-global-typography-text-font-weight );\">Sollten Sie Fragen zu unserer Praxis oder unseren Behandlungsmethoden haben, dann kontaktieren Sie uns gerne telefonisch, per Mail oder vor Ort.<\/span><\/p><p>Wir freuen uns auf Ihren Besuch.<\/p><p>Dr. med. dent. Moritz Biegel &amp; Dr. med. dent. Janina Biegel<\/p>\t\t\t\t\t\t\t\t<\/div>\n\t\t\t\t<\/div>\n\t\t\t\t\t<\/div>\n\t\t<\/div>\n\t\t\t\t<div class=\"elementor-column elementor-col-50 elementor-inner-column elementor-element elementor-element-485399e\" data-id=\"485399e\" data-element_type=\"column\">\n\t\t\t<div class=\"elementor-widget-wrap elementor-element-populated\">\n\t\t\t\t\t\t<div class=\"elementor-element elementor-element-cd867b1 elementor-widget__width-initial elementor-widget elementor-widget-image\" data-id=\"cd867b1\" data-element_type=\"widget\" data-widget_type=\"image.default\">\n\t\t\t\t<div class=\"elementor-widget-container\">\n\t\t\t\t\t\t\t\t\t\t\t\t\t\t\t<img fetchpriority=\"high\" decoding=\"async\" width=\"640\" height=\"961\" src=\"https:\/\/www.implantate-soest.de\/wp-content\/uploads\/2024\/07\/Gross-Startbereich-682x1024.jpeg\" class=\"attachment-large size-large wp-image-1332\" alt=\"\" srcset=\"https:\/\/www.implantate-soest.de\/wp-content\/uploads\/2024\/07\/Gross-Startbereich-682x1024.jpeg 682w, https:\/\/www.implantate-soest.de\/wp-content\/uploads\/2024\/07\/Gross-Startbereich-200x300.jpeg 200w, https:\/\/www.implantate-soest.de\/wp-content\/uploads\/2024\/07\/Gross-Startbereich-768x1152.jpeg 768w, https:\/\/www.implantate-soest.de\/wp-content\/uploads\/2024\/07\/Gross-Startbereich.jpeg 853w\" sizes=\"(max-width: 640px) 100vw, 640px\" \/>\t\t\t\t\t\t\t\t\t\t\t\t\t\t\t<\/div>\n\t\t\t\t<\/div>\n\t\t\t\t\t<\/div>\n\t\t<\/div>\n\t\t\t\t\t<\/div>\n\t\t<\/section>\n\t\t\t\t\t<\/div>\n\t\t<\/div>\n\t\t\t\t\t<\/div>\n\t\t<\/section>\n\t\t\t\t<section class=\"elementor-section elementor-top-section elementor-element elementor-element-2c8368b elementor-section-boxed elementor-section-height-default elementor-section-height-default\" data-id=\"2c8368b\" data-element_type=\"section\">\n\t\t\t\t\t\t<div class=\"elementor-container elementor-column-gap-default\">\n\t\t\t\t\t<div class=\"elementor-column elementor-col-100 elementor-top-column elementor-element elementor-element-a26a424\" data-id=\"a26a424\" data-element_type=\"column\">\n\t\t\t<div class=\"elementor-widget-wrap elementor-element-populated\">\n\t\t\t\t\t\t<div class=\"elementor-element elementor-element-75feba4 elementor-widget-divider--view-line elementor-widget elementor-widget-divider\" data-id=\"75feba4\" data-element_type=\"widget\" data-widget_type=\"divider.default\">\n\t\t\t\t<div class=\"elementor-widget-container\">\n\t\t\t\t\t\t\t<div class=\"elementor-divider\">\n\t\t\t<span class=\"elementor-divider-separator\">\n\t\t\t\t\t\t<\/span>\n\t\t<\/div>\n\t\t\t\t\t\t<\/div>\n\t\t\t\t<\/div>\n\t\t\t\t\t<\/div>\n\t\t<\/div>\n\t\t\t\t\t<\/div>\n\t\t<\/section>\n\t\t\t\t<section class=\"elementor-section elementor-top-section elementor-element elementor-element-ee755b6 elementor-section-boxed elementor-section-height-default elementor-section-height-default\" data-id=\"ee755b6\" data-element_type=\"section\">\n\t\t\t\t\t\t<div class=\"elementor-container elementor-column-gap-default\">\n\t\t\t\t\t<div class=\"elementor-column elementor-col-100 elementor-top-column elementor-element elementor-element-a544b69\" data-id=\"a544b69\" data-element_type=\"column\">\n\t\t\t<div class=\"elementor-widget-wrap elementor-element-populated\">\n\t\t\t\t\t\t<div class=\"elementor-element elementor-element-4c466bd elementor-widget elementor-widget-heading\" data-id=\"4c466bd\" data-element_type=\"widget\" data-widget_type=\"heading.default\">\n\t\t\t\t<div class=\"elementor-widget-container\">\n\t\t\t\t\t<h1 class=\"elementor-heading-title elementor-size-default\">Sprechzeiten<\/h1>\t\t\t\t<\/div>\n\t\t\t\t<\/div>\n\t\t\t\t\t<\/div>\n\t\t<\/div>\n\t\t\t\t\t<\/div>\n\t\t<\/section>\n\t\t\t\t<section class=\"elementor-section elementor-top-section elementor-element elementor-element-e8e9e89 elementor-section-full_width elementor-section-height-default elementor-section-height-default\" data-id=\"e8e9e89\" data-element_type=\"section\">\n\t\t\t\t\t\t<div class=\"elementor-container elementor-column-gap-default\">\n\t\t\t\t\t<div class=\"elementor-column elementor-col-16 elementor-top-column elementor-element elementor-element-1a37f99 elementor-hidden-mobile\" data-id=\"1a37f99\" data-element_type=\"column\">\n\t\t\t<div class=\"elementor-widget-wrap elementor-element-populated\">\n\t\t\t\t\t\t<div class=\"elementor-element elementor-element-6228152 elementor-widget elementor-widget-text-editor\" data-id=\"6228152\" data-element_type=\"widget\" data-widget_type=\"text-editor.default\">\n\t\t\t\t<div class=\"elementor-widget-container\">\n\t\t\t\t\t\t\t\t\t<p><b>Montag:<br \/><\/b><b>Dienstag:<br \/><\/b><b>Mittwoch:<br \/><\/b><b>Donnerstag:<br \/><\/b><b>Freitag:<\/b><\/p>\t\t\t\t\t\t\t\t<\/div>\n\t\t\t\t<\/div>\n\t\t\t\t\t<\/div>\n\t\t<\/div>\n\t\t\t\t<div class=\"elementor-column elementor-col-16 elementor-top-column elementor-element elementor-element-eef0566 elementor-hidden-mobile\" data-id=\"eef0566\" data-element_type=\"column\">\n\t\t\t<div class=\"elementor-widget-wrap elementor-element-populated\">\n\t\t\t\t\t\t<div class=\"elementor-element elementor-element-fd62a95 elementor-widget elementor-widget-text-editor\" data-id=\"fd62a95\" data-element_type=\"widget\" data-widget_type=\"text-editor.default\">\n\t\t\t\t<div class=\"elementor-widget-container\">\n\t\t\t\t\t\t\t\t\t<p>08:00 bis 12:00 und 14:00 bis 17:00<br \/>08:00 bis 12:00 und 13:00 bis 17:00<br \/>08:00 bis 14:00<br \/>08:00 bis 12:00 und 13:00 bis 17:00<br \/>08:00 bis 14:00<\/p>\t\t\t\t\t\t\t\t<\/div>\n\t\t\t\t<\/div>\n\t\t\t\t\t<\/div>\n\t\t<\/div>\n\t\t\t\t<div class=\"elementor-column elementor-col-16 elementor-top-column elementor-element elementor-element-5b18ae5 elementor-hidden-mobile\" data-id=\"5b18ae5\" data-element_type=\"column\">\n\t\t\t<div class=\"elementor-widget-wrap elementor-element-populated\">\n\t\t\t\t\t\t<div class=\"elementor-element elementor-element-1cdb369 elementor-widget elementor-widget-image\" data-id=\"1cdb369\" data-element_type=\"widget\" data-widget_type=\"image.default\">\n\t\t\t\t<div class=\"elementor-widget-container\">\n\t\t\t\t\t\t\t\t\t\t\t\t\t\t\t<img decoding=\"async\" width=\"640\" height=\"267\" src=\"https:\/\/www.implantate-soest.de\/wp-content\/uploads\/2026\/02\/WhatsApp-Image-2026-02-17-at-08.09.13-1024x427.jpeg\" class=\"attachment-large size-large wp-image-1593\" alt=\"\" srcset=\"https:\/\/www.implantate-soest.de\/wp-content\/uploads\/2026\/02\/WhatsApp-Image-2026-02-17-at-08.09.13-1024x427.jpeg 1024w, https:\/\/www.implantate-soest.de\/wp-content\/uploads\/2026\/02\/WhatsApp-Image-2026-02-17-at-08.09.13-300x125.jpeg 300w, https:\/\/www.implantate-soest.de\/wp-content\/uploads\/2026\/02\/WhatsApp-Image-2026-02-17-at-08.09.13-768x320.jpeg 768w, https:\/\/www.implantate-soest.de\/wp-content\/uploads\/2026\/02\/WhatsApp-Image-2026-02-17-at-08.09.13-1536x640.jpeg 1536w, https:\/\/www.implantate-soest.de\/wp-content\/uploads\/2026\/02\/WhatsApp-Image-2026-02-17-at-08.09.13.jpeg 1920w\" sizes=\"(max-width: 640px) 100vw, 640px\" \/>\t\t\t\t\t\t\t\t\t\t\t\t\t\t\t<\/div>\n\t\t\t\t<\/div>\n\t\t\t\t\t<\/div>\n\t\t<\/div>\n\t\t\t\t<div class=\"elementor-column elementor-col-16 elementor-top-column elementor-element elementor-element-13e2ecc elementor-hidden-mobile\" data-id=\"13e2ecc\" data-element_type=\"column\">\n\t\t\t<div class=\"elementor-widget-wrap elementor-element-populated\">\n\t\t\t\t\t\t<div class=\"elementor-element elementor-element-8ee3ccc elementor-widget elementor-widget-image\" data-id=\"8ee3ccc\" data-element_type=\"widget\" data-widget_type=\"image.default\">\n\t\t\t\t<div class=\"elementor-widget-container\">\n\t\t\t\t\t\t\t\t\t\t\t\t\t\t\t<img decoding=\"async\" width=\"640\" height=\"741\" src=\"https:\/\/www.implantate-soest.de\/wp-content\/uploads\/2025\/10\/OSP-NRW-Westfalen-Partner-Signets-Kooperationspartner-885x1024.jpg\" class=\"attachment-large size-large wp-image-1585\" alt=\"Olympiast\u00fctzpunkt Westfalen\" srcset=\"https:\/\/www.implantate-soest.de\/wp-content\/uploads\/2025\/10\/OSP-NRW-Westfalen-Partner-Signets-Kooperationspartner-885x1024.jpg 885w, https:\/\/www.implantate-soest.de\/wp-content\/uploads\/2025\/10\/OSP-NRW-Westfalen-Partner-Signets-Kooperationspartner-259x300.jpg 259w, https:\/\/www.implantate-soest.de\/wp-content\/uploads\/2025\/10\/OSP-NRW-Westfalen-Partner-Signets-Kooperationspartner-768x889.jpg 768w, https:\/\/www.implantate-soest.de\/wp-content\/uploads\/2025\/10\/OSP-NRW-Westfalen-Partner-Signets-Kooperationspartner.jpg 1123w\" sizes=\"(max-width: 640px) 100vw, 640px\" \/>\t\t\t\t\t\t\t\t\t\t\t\t\t\t\t<\/div>\n\t\t\t\t<\/div>\n\t\t\t\t\t<\/div>\n\t\t<\/div>\n\t\t\t\t<div class=\"elementor-column elementor-col-16 elementor-top-column elementor-element elementor-element-13e7913 elementor-hidden-mobile\" data-id=\"13e7913\" data-element_type=\"column\">\n\t\t\t<div class=\"elementor-widget-wrap elementor-element-populated\">\n\t\t\t\t\t\t<div class=\"elementor-element elementor-element-f30b9fa elementor-widget elementor-widget-image\" data-id=\"f30b9fa\" data-element_type=\"widget\" data-widget_type=\"image.default\">\n\t\t\t\t<div class=\"elementor-widget-container\">\n\t\t\t\t\t\t\t\t\t\t\t\t\t\t\t<img loading=\"lazy\" decoding=\"async\" width=\"130\" height=\"130\" src=\"https:\/\/www.implantate-soest.de\/wp-content\/uploads\/2024\/02\/Variante3-Gold.png\" class=\"attachment-large size-large wp-image-1154\" alt=\"\" \/>\t\t\t\t\t\t\t\t\t\t\t\t\t\t\t<\/div>\n\t\t\t\t<\/div>\n\t\t\t\t\t<\/div>\n\t\t<\/div>\n\t\t\t\t<div class=\"elementor-column elementor-col-16 elementor-top-column elementor-element elementor-element-516dcd0 elementor-hidden-mobile\" data-id=\"516dcd0\" data-element_type=\"column\">\n\t\t\t<div class=\"elementor-widget-wrap elementor-element-populated\">\n\t\t\t\t\t\t<div class=\"elementor-element elementor-element-a306538 elementor-widget__width-initial elementor-widget elementor-widget-image\" data-id=\"a306538\" data-element_type=\"widget\" data-widget_type=\"image.default\">\n\t\t\t\t<div class=\"elementor-widget-container\">\n\t\t\t\t\t\t\t\t\t\t\t\t\t\t\t<img loading=\"lazy\" decoding=\"async\" width=\"640\" height=\"640\" src=\"https:\/\/www.implantate-soest.de\/wp-content\/uploads\/2023\/02\/Digitale_Praxis_Siegel_NEU-1024x1024.jpg\" class=\"attachment-large size-large wp-image-672\" alt=\"\" srcset=\"https:\/\/www.implantate-soest.de\/wp-content\/uploads\/2023\/02\/Digitale_Praxis_Siegel_NEU-1024x1024.jpg 1024w, https:\/\/www.implantate-soest.de\/wp-content\/uploads\/2023\/02\/Digitale_Praxis_Siegel_NEU-300x300.jpg 300w, https:\/\/www.implantate-soest.de\/wp-content\/uploads\/2023\/02\/Digitale_Praxis_Siegel_NEU-150x150.jpg 150w, https:\/\/www.implantate-soest.de\/wp-content\/uploads\/2023\/02\/Digitale_Praxis_Siegel_NEU-768x768.jpg 768w, https:\/\/www.implantate-soest.de\/wp-content\/uploads\/2023\/02\/Digitale_Praxis_Siegel_NEU-1536x1536.jpg 1536w, https:\/\/www.implantate-soest.de\/wp-content\/uploads\/2023\/02\/Digitale_Praxis_Siegel_NEU-2048x2048.jpg 2048w\" sizes=\"(max-width: 640px) 100vw, 640px\" \/>\t\t\t\t\t\t\t\t\t\t\t\t\t\t\t<\/div>\n\t\t\t\t<\/div>\n\t\t\t\t\t<\/div>\n\t\t<\/div>\n\t\t\t\t\t<\/div>\n\t\t<\/section>\n\t\t\t\t<section class=\"elementor-section elementor-top-section elementor-element elementor-element-9cfd4cd elementor-section-boxed elementor-section-height-default elementor-section-height-default\" data-id=\"9cfd4cd\" data-element_type=\"section\">\n\t\t\t\t\t\t<div class=\"elementor-container elementor-column-gap-default\">\n\t\t\t\t\t<div class=\"elementor-column elementor-col-20 elementor-top-column elementor-element elementor-element-6eb753f elementor-hidden-desktop elementor-hidden-tablet\" data-id=\"6eb753f\" data-element_type=\"column\">\n\t\t\t<div class=\"elementor-widget-wrap elementor-element-populated\">\n\t\t\t\t\t\t<div class=\"elementor-element elementor-element-47b23f2 elementor-widget elementor-widget-text-editor\" data-id=\"47b23f2\" data-element_type=\"widget\" data-widget_type=\"text-editor.default\">\n\t\t\t\t<div class=\"elementor-widget-container\">\n\t\t\t\t\t\t\t\t\t<p><strong>Montag:<\/strong> <br \/>08:00 bis 12:00 und 14:00 bis 17:00<br \/><strong>Dienstag:<\/strong> <br \/>08:00 bis 12:00 und 13:00 bis 17:00<br \/><strong>Mittwoch:<\/strong> <br \/>08:00 bis 14:00<br \/><strong>Donnerstag:<\/strong><br \/>08:00 bis 12:00 und 13:00 bis 17:00<br \/><strong>Freitag:<\/strong> <br \/>08:00 bis 14:00<\/p>\t\t\t\t\t\t\t\t<\/div>\n\t\t\t\t<\/div>\n\t\t\t\t\t<\/div>\n\t\t<\/div>\n\t\t\t\t<div class=\"elementor-column elementor-col-20 elementor-top-column elementor-element elementor-element-73d96c5 elementor-hidden-desktop elementor-hidden-tablet\" data-id=\"73d96c5\" data-element_type=\"column\">\n\t\t\t<div class=\"elementor-widget-wrap elementor-element-populated\">\n\t\t\t\t\t\t<div class=\"elementor-element elementor-element-a7e4703 elementor-widget elementor-widget-image\" data-id=\"a7e4703\" data-element_type=\"widget\" data-widget_type=\"image.default\">\n\t\t\t\t<div class=\"elementor-widget-container\">\n\t\t\t\t\t\t\t\t\t\t\t\t\t\t\t<img decoding=\"async\" width=\"640\" height=\"267\" src=\"https:\/\/www.implantate-soest.de\/wp-content\/uploads\/2026\/02\/WhatsApp-Image-2026-02-17-at-08.09.13-1024x427.jpeg\" class=\"attachment-large size-large wp-image-1593\" alt=\"\" srcset=\"https:\/\/www.implantate-soest.de\/wp-content\/uploads\/2026\/02\/WhatsApp-Image-2026-02-17-at-08.09.13-1024x427.jpeg 1024w, https:\/\/www.implantate-soest.de\/wp-content\/uploads\/2026\/02\/WhatsApp-Image-2026-02-17-at-08.09.13-300x125.jpeg 300w, https:\/\/www.implantate-soest.de\/wp-content\/uploads\/2026\/02\/WhatsApp-Image-2026-02-17-at-08.09.13-768x320.jpeg 768w, https:\/\/www.implantate-soest.de\/wp-content\/uploads\/2026\/02\/WhatsApp-Image-2026-02-17-at-08.09.13-1536x640.jpeg 1536w, https:\/\/www.implantate-soest.de\/wp-content\/uploads\/2026\/02\/WhatsApp-Image-2026-02-17-at-08.09.13.jpeg 1920w\" sizes=\"(max-width: 640px) 100vw, 640px\" \/>\t\t\t\t\t\t\t\t\t\t\t\t\t\t\t<\/div>\n\t\t\t\t<\/div>\n\t\t\t\t\t<\/div>\n\t\t<\/div>\n\t\t\t\t<div class=\"elementor-column elementor-col-20 elementor-top-column elementor-element elementor-element-2fbe449 elementor-hidden-desktop elementor-hidden-tablet\" data-id=\"2fbe449\" data-element_type=\"column\">\n\t\t\t<div class=\"elementor-widget-wrap elementor-element-populated\">\n\t\t\t\t\t\t<div class=\"elementor-element elementor-element-91903aa elementor-widget elementor-widget-image\" data-id=\"91903aa\" data-element_type=\"widget\" data-widget_type=\"image.default\">\n\t\t\t\t<div class=\"elementor-widget-container\">\n\t\t\t\t\t\t\t\t\t\t\t\t\t\t\t<img decoding=\"async\" width=\"640\" height=\"741\" src=\"https:\/\/www.implantate-soest.de\/wp-content\/uploads\/2025\/10\/OSP-NRW-Westfalen-Partner-Signets-Kooperationspartner-885x1024.jpg\" class=\"attachment-large size-large wp-image-1585\" alt=\"Olympiast\u00fctzpunkt Westfalen\" srcset=\"https:\/\/www.implantate-soest.de\/wp-content\/uploads\/2025\/10\/OSP-NRW-Westfalen-Partner-Signets-Kooperationspartner-885x1024.jpg 885w, https:\/\/www.implantate-soest.de\/wp-content\/uploads\/2025\/10\/OSP-NRW-Westfalen-Partner-Signets-Kooperationspartner-259x300.jpg 259w, https:\/\/www.implantate-soest.de\/wp-content\/uploads\/2025\/10\/OSP-NRW-Westfalen-Partner-Signets-Kooperationspartner-768x889.jpg 768w, https:\/\/www.implantate-soest.de\/wp-content\/uploads\/2025\/10\/OSP-NRW-Westfalen-Partner-Signets-Kooperationspartner.jpg 1123w\" sizes=\"(max-width: 640px) 100vw, 640px\" \/>\t\t\t\t\t\t\t\t\t\t\t\t\t\t\t<\/div>\n\t\t\t\t<\/div>\n\t\t\t\t\t<\/div>\n\t\t<\/div>\n\t\t\t\t<div class=\"elementor-column elementor-col-20 elementor-top-column elementor-element elementor-element-ee42861 elementor-hidden-desktop elementor-hidden-tablet\" data-id=\"ee42861\" data-element_type=\"column\">\n\t\t\t<div class=\"elementor-widget-wrap elementor-element-populated\">\n\t\t\t\t\t\t<div class=\"elementor-element elementor-element-1fe487c elementor-widget elementor-widget-image\" data-id=\"1fe487c\" data-element_type=\"widget\" data-widget_type=\"image.default\">\n\t\t\t\t<div class=\"elementor-widget-container\">\n\t\t\t\t\t\t\t\t\t\t\t\t\t\t\t<img loading=\"lazy\" decoding=\"async\" width=\"130\" height=\"130\" src=\"https:\/\/www.implantate-soest.de\/wp-content\/uploads\/2024\/02\/Variante3-Gold.png\" class=\"attachment-large size-large wp-image-1154\" alt=\"\" \/>\t\t\t\t\t\t\t\t\t\t\t\t\t\t\t<\/div>\n\t\t\t\t<\/div>\n\t\t\t\t\t<\/div>\n\t\t<\/div>\n\t\t\t\t<div class=\"elementor-column elementor-col-20 elementor-top-column elementor-element elementor-element-0fb7d94 elementor-hidden-desktop elementor-hidden-tablet\" data-id=\"0fb7d94\" data-element_type=\"column\">\n\t\t\t<div class=\"elementor-widget-wrap elementor-element-populated\">\n\t\t\t\t\t\t<div class=\"elementor-element elementor-element-7390b81 elementor-widget elementor-widget-image\" data-id=\"7390b81\" data-element_type=\"widget\" data-widget_type=\"image.default\">\n\t\t\t\t<div class=\"elementor-widget-container\">\n\t\t\t\t\t\t\t\t\t\t\t\t\t\t\t<img loading=\"lazy\" decoding=\"async\" width=\"640\" height=\"640\" src=\"https:\/\/www.implantate-soest.de\/wp-content\/uploads\/2023\/02\/Digitale_Praxis_Siegel_NEU-1024x1024.jpg\" class=\"attachment-large size-large wp-image-672\" alt=\"\" srcset=\"https:\/\/www.implantate-soest.de\/wp-content\/uploads\/2023\/02\/Digitale_Praxis_Siegel_NEU-1024x1024.jpg 1024w, https:\/\/www.implantate-soest.de\/wp-content\/uploads\/2023\/02\/Digitale_Praxis_Siegel_NEU-300x300.jpg 300w, https:\/\/www.implantate-soest.de\/wp-content\/uploads\/2023\/02\/Digitale_Praxis_Siegel_NEU-150x150.jpg 150w, https:\/\/www.implantate-soest.de\/wp-content\/uploads\/2023\/02\/Digitale_Praxis_Siegel_NEU-768x768.jpg 768w, https:\/\/www.implantate-soest.de\/wp-content\/uploads\/2023\/02\/Digitale_Praxis_Siegel_NEU-1536x1536.jpg 1536w, https:\/\/www.implantate-soest.de\/wp-content\/uploads\/2023\/02\/Digitale_Praxis_Siegel_NEU-2048x2048.jpg 2048w\" sizes=\"(max-width: 640px) 100vw, 640px\" \/>\t\t\t\t\t\t\t\t\t\t\t\t\t\t\t<\/div>\n\t\t\t\t<\/div>\n\t\t\t\t\t<\/div>\n\t\t<\/div>\n\t\t\t\t\t<\/div>\n\t\t<\/section>\n\t\t\t\t<section class=\"elementor-section elementor-top-section elementor-element elementor-element-9695d1c elementor-section-boxed elementor-section-height-default elementor-section-height-default\" data-id=\"9695d1c\" data-element_type=\"section\">\n\t\t\t\t\t\t<div class=\"elementor-container elementor-column-gap-default\">\n\t\t\t\t\t<div class=\"elementor-column elementor-col-100 elementor-top-column elementor-element elementor-element-5aa0bff\" data-id=\"5aa0bff\" data-element_type=\"column\">\n\t\t\t<div class=\"elementor-widget-wrap elementor-element-populated\">\n\t\t\t\t\t\t<div class=\"elementor-element elementor-element-22f4371 elementor-widget elementor-widget-spacer\" data-id=\"22f4371\" data-element_type=\"widget\" data-widget_type=\"spacer.default\">\n\t\t\t\t<div class=\"elementor-widget-container\">\n\t\t\t\t\t\t\t<div class=\"elementor-spacer\">\n\t\t\t<div class=\"elementor-spacer-inner\"><\/div>\n\t\t<\/div>\n\t\t\t\t\t\t<\/div>\n\t\t\t\t<\/div>\n\t\t\t\t\t<\/div>\n\t\t<\/div>\n\t\t\t\t\t<\/div>\n\t\t<\/section>\n\t\t\t\t<\/div>\n\t\t","protected":false},"excerpt":{"rendered":"<p>Willkommen Zahnmedizin aus dem Herzen von Soest Liebe Patientinnen und Patienten, wir m\u00f6chten Sie herzlich auf unserer Homepage begr\u00fc\u00dfen. Hier finden Sie alle Informationen zu unserer Praxis in der Puppenstra\u00dfe 6 in Soest. Von der Parodontologie bis hin zum Zahnersatz aus unserem hauseigenen Labor:\u00a0Bei uns finden Sie ein breites Spektrum an zahn\u00e4rztlichen Leistungen.\u00a0Wir k\u00fcmmern uns [&hellip;]<\/p>\n","protected":false},"author":2,"featured_media":0,"parent":0,"menu_order":0,"comment_status":"closed","ping_status":"closed","template":"","meta":{"footnotes":""},"_links":{"self":[{"href":"https:\/\/www.implantate-soest.de\/index.php?rest_route=\/wp\/v2\/pages\/1330"}],"collection":[{"href":"https:\/\/www.implantate-soest.de\/index.php?rest_route=\/wp\/v2\/pages"}],"about":[{"href":"https:\/\/www.implantate-soest.de\/index.php?rest_route=\/wp\/v2\/types\/page"}],"author":[{"embeddable":true,"href":"https:\/\/www.implantate-soest.de\/index.php?rest_route=\/wp\/v2\/users\/2"}],"replies":[{"embeddable":true,"href":"https:\/\/www.implantate-soest.de\/index.php?rest_route=%2Fwp%2Fv2%2Fcomments&post=1330"}],"version-history":[{"count":54,"href":"https:\/\/www.implantate-soest.de\/index.php?rest_route=\/wp\/v2\/pages\/1330\/revisions"}],"predecessor-version":[{"id":1597,"href":"https:\/\/www.implantate-soest.de\/index.php?rest_route=\/wp\/v2\/pages\/1330\/revisions\/1597"}],"wp:attachment":[{"href":"https:\/\/www.implantate-soest.de\/index.php?rest_route=%2Fwp%2Fv2%2Fmedia&parent=1330"}],"curies":[{"name":"wp","href":"https:\/\/api.w.org\/{rel}","templated":true}]}}