{"id":1262,"date":"2024-06-18T20:38:13","date_gmt":"2024-06-18T18:38:13","guid":{"rendered":"https:\/\/www.implantate-soest.de\/?page_id=1262"},"modified":"2026-02-17T08:42:34","modified_gmt":"2026-02-17T07:42:34","slug":"sportzahnmedizin","status":"publish","type":"page","link":"https:\/\/www.implantate-soest.de\/?page_id=1262","title":{"rendered":"Sportzahnmedizin"},"content":{"rendered":"\t\t<div data-elementor-type=\"wp-page\" data-elementor-id=\"1262\" class=\"elementor elementor-1262\">\n\t\t\t\t\t\t<section class=\"elementor-section elementor-top-section elementor-element elementor-element-d41e135 elementor-section-boxed elementor-section-height-default elementor-section-height-default\" data-id=\"d41e135\" data-element_type=\"section\">\n\t\t\t\t\t\t<div class=\"elementor-container elementor-column-gap-default\">\n\t\t\t\t\t<div class=\"elementor-column elementor-col-100 elementor-top-column elementor-element elementor-element-a99759c\" data-id=\"a99759c\" data-element_type=\"column\">\n\t\t\t<div class=\"elementor-widget-wrap elementor-element-populated\">\n\t\t\t\t\t\t<div class=\"elementor-element elementor-element-2f79100 elementor-widget elementor-widget-spacer\" data-id=\"2f79100\" data-element_type=\"widget\" data-widget_type=\"spacer.default\">\n\t\t\t\t<div class=\"elementor-widget-container\">\n\t\t\t\t\t\t\t<div class=\"elementor-spacer\">\n\t\t\t<div class=\"elementor-spacer-inner\"><\/div>\n\t\t<\/div>\n\t\t\t\t\t\t<\/div>\n\t\t\t\t<\/div>\n\t\t\t\t\t<\/div>\n\t\t<\/div>\n\t\t\t\t\t<\/div>\n\t\t<\/section>\n\t\t\t\t<section class=\"elementor-section elementor-top-section elementor-element elementor-element-22f452c elementor-section-boxed elementor-section-height-default elementor-section-height-default\" data-id=\"22f452c\" data-element_type=\"section\">\n\t\t\t\t\t\t<div class=\"elementor-container elementor-column-gap-default\">\n\t\t\t\t\t<div class=\"elementor-column elementor-col-100 elementor-top-column elementor-element elementor-element-fafd4e0\" data-id=\"fafd4e0\" data-element_type=\"column\">\n\t\t\t<div class=\"elementor-widget-wrap elementor-element-populated\">\n\t\t\t\t\t\t<div class=\"elementor-element elementor-element-3d319dd elementor-widget elementor-widget-heading\" data-id=\"3d319dd\" data-element_type=\"widget\" data-widget_type=\"heading.default\">\n\t\t\t\t<div class=\"elementor-widget-container\">\n\t\t\t\t\t<h1 class=\"elementor-heading-title elementor-size-default\">Sportzahnmedizin<\/h1>\t\t\t\t<\/div>\n\t\t\t\t<\/div>\n\t\t\t\t\t<\/div>\n\t\t<\/div>\n\t\t\t\t\t<\/div>\n\t\t<\/section>\n\t\t\t\t<section class=\"elementor-section elementor-top-section elementor-element elementor-element-b9189f7 elementor-section-boxed elementor-section-height-default elementor-section-height-default\" data-id=\"b9189f7\" data-element_type=\"section\">\n\t\t\t\t\t\t<div class=\"elementor-container elementor-column-gap-default\">\n\t\t\t\t\t<div class=\"elementor-column elementor-col-100 elementor-top-column elementor-element elementor-element-4f3121d\" data-id=\"4f3121d\" data-element_type=\"column\">\n\t\t\t<div class=\"elementor-widget-wrap elementor-element-populated\">\n\t\t\t\t\t\t<div class=\"elementor-element elementor-element-673a4b8 elementor-widget elementor-widget-text-editor\" data-id=\"673a4b8\" data-element_type=\"widget\" data-widget_type=\"text-editor.default\">\n\t\t\t\t<div class=\"elementor-widget-container\">\n\t\t\t\t\t\t\t\t\t<p>Im Rahmen der Sportzahnmedizin arbeiten wir mit dem Olympiast\u00fctzpunkt NRW\/Westfalen und der Stiftung Deutsche Sporthilfe zusammen.\u00a0<\/p><p>Wir sind zertifizierte Sportzahn\u00e4rzte und bieten Leistungssportlern ein breites Spektrum an Behandlungen an, die zu einer besseren Gesamtperformance f\u00fchren.<\/p><p>Sie m\u00f6chten mehr \u00fcber unsere Behandlungsm\u00f6glichkeiten in der Sportzahnmedizin erfahren? Dann kontaktieren Sie uns noch heute:\u00a0<\/p><p>02921 2014<\/p><p>info@implantate-soest.de<\/p>\t\t\t\t\t\t\t\t<\/div>\n\t\t\t\t<\/div>\n\t\t\t\t\t<\/div>\n\t\t<\/div>\n\t\t\t\t\t<\/div>\n\t\t<\/section>\n\t\t\t\t<section class=\"elementor-section elementor-top-section elementor-element elementor-element-6d8385d elementor-section-boxed elementor-section-height-default elementor-section-height-default\" data-id=\"6d8385d\" data-element_type=\"section\">\n\t\t\t\t\t\t<div class=\"elementor-container elementor-column-gap-default\">\n\t\t\t\t\t<div class=\"elementor-column elementor-col-50 elementor-top-column elementor-element elementor-element-6570ca0\" data-id=\"6570ca0\" data-element_type=\"column\">\n\t\t\t<div class=\"elementor-widget-wrap elementor-element-populated\">\n\t\t\t\t\t\t<div class=\"elementor-element elementor-element-6a6903d elementor-widget elementor-widget-image\" data-id=\"6a6903d\" data-element_type=\"widget\" data-widget_type=\"image.default\">\n\t\t\t\t<div class=\"elementor-widget-container\">\n\t\t\t\t\t\t\t\t\t\t\t\t\t\t\t<img fetchpriority=\"high\" decoding=\"async\" width=\"640\" height=\"905\" src=\"https:\/\/www.implantate-soest.de\/wp-content\/uploads\/2025\/06\/biegel_sportzahnmedizin-724x1024.png\" class=\"attachment-large size-large wp-image-1574\" alt=\"\" srcset=\"https:\/\/www.implantate-soest.de\/wp-content\/uploads\/2025\/06\/biegel_sportzahnmedizin-724x1024.png 724w, https:\/\/www.implantate-soest.de\/wp-content\/uploads\/2025\/06\/biegel_sportzahnmedizin-212x300.png 212w, https:\/\/www.implantate-soest.de\/wp-content\/uploads\/2025\/06\/biegel_sportzahnmedizin-768x1086.png 768w, https:\/\/www.implantate-soest.de\/wp-content\/uploads\/2025\/06\/biegel_sportzahnmedizin-1086x1536.png 1086w, https:\/\/www.implantate-soest.de\/wp-content\/uploads\/2025\/06\/biegel_sportzahnmedizin-1448x2048.png 1448w\" sizes=\"(max-width: 640px) 100vw, 640px\" \/>\t\t\t\t\t\t\t\t\t\t\t\t\t\t\t<\/div>\n\t\t\t\t<\/div>\n\t\t\t\t\t<\/div>\n\t\t<\/div>\n\t\t\t\t<div class=\"elementor-column elementor-col-50 elementor-top-column elementor-element elementor-element-90c948b\" data-id=\"90c948b\" data-element_type=\"column\">\n\t\t\t<div class=\"elementor-widget-wrap elementor-element-populated\">\n\t\t\t\t\t\t<div class=\"elementor-element elementor-element-c756048 elementor-widget elementor-widget-image\" data-id=\"c756048\" data-element_type=\"widget\" data-widget_type=\"image.default\">\n\t\t\t\t<div class=\"elementor-widget-container\">\n\t\t\t\t\t\t\t\t\t\t\t\t\t\t\t<img decoding=\"async\" width=\"640\" height=\"267\" src=\"https:\/\/www.implantate-soest.de\/wp-content\/uploads\/2026\/02\/WhatsApp-Image-2026-02-17-at-08.09.13-1024x427.jpeg\" class=\"attachment-large size-large wp-image-1593\" alt=\"\" srcset=\"https:\/\/www.implantate-soest.de\/wp-content\/uploads\/2026\/02\/WhatsApp-Image-2026-02-17-at-08.09.13-1024x427.jpeg 1024w, https:\/\/www.implantate-soest.de\/wp-content\/uploads\/2026\/02\/WhatsApp-Image-2026-02-17-at-08.09.13-300x125.jpeg 300w, https:\/\/www.implantate-soest.de\/wp-content\/uploads\/2026\/02\/WhatsApp-Image-2026-02-17-at-08.09.13-768x320.jpeg 768w, https:\/\/www.implantate-soest.de\/wp-content\/uploads\/2026\/02\/WhatsApp-Image-2026-02-17-at-08.09.13-1536x640.jpeg 1536w, https:\/\/www.implantate-soest.de\/wp-content\/uploads\/2026\/02\/WhatsApp-Image-2026-02-17-at-08.09.13.jpeg 1920w\" sizes=\"(max-width: 640px) 100vw, 640px\" \/>\t\t\t\t\t\t\t\t\t\t\t\t\t\t\t<\/div>\n\t\t\t\t<\/div>\n\t\t\t\t<div class=\"elementor-element elementor-element-ae6947a elementor-widget elementor-widget-image\" data-id=\"ae6947a\" data-element_type=\"widget\" data-widget_type=\"image.default\">\n\t\t\t\t<div class=\"elementor-widget-container\">\n\t\t\t\t\t\t\t\t\t\t\t\t\t\t\t<img decoding=\"async\" width=\"640\" height=\"741\" src=\"https:\/\/www.implantate-soest.de\/wp-content\/uploads\/2025\/10\/OSP-NRW-Westfalen-Partner-Signets-Kooperationspartner-885x1024.jpg\" class=\"attachment-large size-large wp-image-1585\" alt=\"Olympiast\u00fctzpunkt Westfalen\" srcset=\"https:\/\/www.implantate-soest.de\/wp-content\/uploads\/2025\/10\/OSP-NRW-Westfalen-Partner-Signets-Kooperationspartner-885x1024.jpg 885w, https:\/\/www.implantate-soest.de\/wp-content\/uploads\/2025\/10\/OSP-NRW-Westfalen-Partner-Signets-Kooperationspartner-259x300.jpg 259w, https:\/\/www.implantate-soest.de\/wp-content\/uploads\/2025\/10\/OSP-NRW-Westfalen-Partner-Signets-Kooperationspartner-768x889.jpg 768w, https:\/\/www.implantate-soest.de\/wp-content\/uploads\/2025\/10\/OSP-NRW-Westfalen-Partner-Signets-Kooperationspartner.jpg 1123w\" sizes=\"(max-width: 640px) 100vw, 640px\" \/>\t\t\t\t\t\t\t\t\t\t\t\t\t\t\t<\/div>\n\t\t\t\t<\/div>\n\t\t\t\t\t<\/div>\n\t\t<\/div>\n\t\t\t\t\t<\/div>\n\t\t<\/section>\n\t\t\t\t<\/div>\n\t\t","protected":false},"excerpt":{"rendered":"<p>Sportzahnmedizin Im Rahmen der Sportzahnmedizin arbeiten wir mit dem Olympiast\u00fctzpunkt NRW\/Westfalen und der Stiftung Deutsche Sporthilfe zusammen.\u00a0 Wir sind zertifizierte Sportzahn\u00e4rzte und bieten Leistungssportlern ein breites Spektrum an Behandlungen an, die zu einer besseren Gesamtperformance f\u00fchren. Sie m\u00f6chten mehr \u00fcber unsere Behandlungsm\u00f6glichkeiten in der Sportzahnmedizin erfahren? Dann kontaktieren Sie uns noch heute:\u00a0 02921 2014 info@implantate-soest.de<\/p>\n","protected":false},"author":2,"featured_media":0,"parent":0,"menu_order":0,"comment_status":"closed","ping_status":"closed","template":"","meta":{"footnotes":""},"_links":{"self":[{"href":"https:\/\/www.implantate-soest.de\/index.php?rest_route=\/wp\/v2\/pages\/1262"}],"collection":[{"href":"https:\/\/www.implantate-soest.de\/index.php?rest_route=\/wp\/v2\/pages"}],"about":[{"href":"https:\/\/www.implantate-soest.de\/index.php?rest_route=\/wp\/v2\/types\/page"}],"author":[{"embeddable":true,"href":"https:\/\/www.implantate-soest.de\/index.php?rest_route=\/wp\/v2\/users\/2"}],"replies":[{"embeddable":true,"href":"https:\/\/www.implantate-soest.de\/index.php?rest_route=%2Fwp%2Fv2%2Fcomments&post=1262"}],"version-history":[{"count":16,"href":"https:\/\/www.implantate-soest.de\/index.php?rest_route=\/wp\/v2\/pages\/1262\/revisions"}],"predecessor-version":[{"id":1601,"href":"https:\/\/www.implantate-soest.de\/index.php?rest_route=\/wp\/v2\/pages\/1262\/revisions\/1601"}],"wp:attachment":[{"href":"https:\/\/www.implantate-soest.de\/index.php?rest_route=%2Fwp%2Fv2%2Fmedia&parent=1262"}],"curies":[{"name":"wp","href":"https:\/\/api.w.org\/{rel}","templated":true}]}}