{"id":110,"date":"2020-02-01T11:02:09","date_gmt":"2020-02-01T10:02:09","guid":{"rendered":"https:\/\/www.implantate-soest.de\/?page_id=110"},"modified":"2024-09-17T20:59:27","modified_gmt":"2024-09-17T18:59:27","slug":"labor","status":"publish","type":"page","link":"https:\/\/www.implantate-soest.de\/?page_id=110","title":{"rendered":"Labor"},"content":{"rendered":"\t\t<div data-elementor-type=\"wp-page\" data-elementor-id=\"110\" class=\"elementor elementor-110\">\n\t\t\t\t\t\t<section class=\"elementor-section elementor-top-section elementor-element elementor-element-a51aa13 elementor-section-boxed elementor-section-height-default elementor-section-height-default\" data-id=\"a51aa13\" data-element_type=\"section\">\n\t\t\t\t\t\t<div class=\"elementor-container elementor-column-gap-default\">\n\t\t\t\t\t<div class=\"elementor-column elementor-col-100 elementor-top-column elementor-element elementor-element-681b193\" data-id=\"681b193\" data-element_type=\"column\">\n\t\t\t<div class=\"elementor-widget-wrap elementor-element-populated\">\n\t\t\t\t\t\t<div class=\"elementor-element elementor-element-8815528 elementor-widget elementor-widget-heading\" data-id=\"8815528\" data-element_type=\"widget\" data-widget_type=\"heading.default\">\n\t\t\t\t<div class=\"elementor-widget-container\">\n\t\t\t\t\t<h1 class=\"elementor-heading-title elementor-size-default\"><font color=\"#777777\">Das Praxislabor<\/font><\/h1>\t\t\t\t<\/div>\n\t\t\t\t<\/div>\n\t\t\t\t<div class=\"elementor-element elementor-element-877f46c elementor-widget-divider--view-line elementor-widget elementor-widget-divider\" data-id=\"877f46c\" data-element_type=\"widget\" data-widget_type=\"divider.default\">\n\t\t\t\t<div class=\"elementor-widget-container\">\n\t\t\t\t\t\t\t<div class=\"elementor-divider\">\n\t\t\t<span class=\"elementor-divider-separator\">\n\t\t\t\t\t\t<\/span>\n\t\t<\/div>\n\t\t\t\t\t\t<\/div>\n\t\t\t\t<\/div>\n\t\t\t\t<section class=\"elementor-section elementor-inner-section elementor-element elementor-element-1f555e5 elementor-section-boxed elementor-section-height-default elementor-section-height-default\" data-id=\"1f555e5\" data-element_type=\"section\">\n\t\t\t\t\t\t<div class=\"elementor-container elementor-column-gap-default\">\n\t\t\t\t\t<div class=\"elementor-column elementor-col-50 elementor-inner-column elementor-element elementor-element-c789d8a\" data-id=\"c789d8a\" data-element_type=\"column\">\n\t\t\t<div class=\"elementor-widget-wrap elementor-element-populated\">\n\t\t\t\t\t\t<div class=\"elementor-element elementor-element-0d6923b elementor-widget elementor-widget-text-editor\" data-id=\"0d6923b\" data-element_type=\"widget\" data-widget_type=\"text-editor.default\">\n\t\t\t\t<div class=\"elementor-widget-container\">\n\t\t\t\t\t\t\t\t\t<p>Unser praxiseigenes zahntechnisches Labor im Haus erm\u00f6glicht eine funktionelle und \u00e4sthetische Optimierung. Anproben, Farbauswahl und Korrekturen k\u00f6nnen in Anwesenheit der Zahntechniker durchgef\u00fchrt werden. Damit wird eine bestm\u00f6gliche Anpassung des neuen Zahnersatzes an den jeweiligen Typ erreicht. Das zahntechnische Labor im Haus bietet schnellen Service bei Reparaturen oder \u00c4nderungen.<\/p>\t\t\t\t\t\t\t\t<\/div>\n\t\t\t\t<\/div>\n\t\t\t\t\t<\/div>\n\t\t<\/div>\n\t\t\t\t<div class=\"elementor-column elementor-col-50 elementor-inner-column elementor-element elementor-element-12785d9\" data-id=\"12785d9\" data-element_type=\"column\">\n\t\t\t<div class=\"elementor-widget-wrap elementor-element-populated\">\n\t\t\t\t\t\t<div class=\"elementor-element elementor-element-a21cc57 elementor-widget elementor-widget-image\" data-id=\"a21cc57\" data-element_type=\"widget\" data-widget_type=\"image.default\">\n\t\t\t\t<div class=\"elementor-widget-container\">\n\t\t\t\t\t\t\t\t\t\t\t\t\t\t\t<img fetchpriority=\"high\" decoding=\"async\" width=\"300\" height=\"200\" src=\"https:\/\/www.implantate-soest.de\/wp-content\/uploads\/2020\/02\/Praxislabor-300x200.png\" class=\"attachment-medium size-medium wp-image-45\" alt=\"\" srcset=\"https:\/\/www.implantate-soest.de\/wp-content\/uploads\/2020\/02\/Praxislabor-300x200.png 300w, https:\/\/www.implantate-soest.de\/wp-content\/uploads\/2020\/02\/Praxislabor.png 344w\" sizes=\"(max-width: 300px) 100vw, 300px\" \/>\t\t\t\t\t\t\t\t\t\t\t\t\t\t\t<\/div>\n\t\t\t\t<\/div>\n\t\t\t\t\t<\/div>\n\t\t<\/div>\n\t\t\t\t\t<\/div>\n\t\t<\/section>\n\t\t\t\t\t<\/div>\n\t\t<\/div>\n\t\t\t\t\t<\/div>\n\t\t<\/section>\n\t\t\t\t<section class=\"elementor-section elementor-top-section elementor-element elementor-element-f5bcccb elementor-section-boxed elementor-section-height-default elementor-section-height-default\" data-id=\"f5bcccb\" data-element_type=\"section\">\n\t\t\t\t\t\t<div class=\"elementor-container elementor-column-gap-default\">\n\t\t\t\t\t<div class=\"elementor-column elementor-col-100 elementor-top-column elementor-element elementor-element-effa1c6\" data-id=\"effa1c6\" data-element_type=\"column\">\n\t\t\t<div class=\"elementor-widget-wrap elementor-element-populated\">\n\t\t\t\t\t\t<div class=\"elementor-element elementor-element-f5740fd elementor-widget elementor-widget-heading\" data-id=\"f5740fd\" data-element_type=\"widget\" data-widget_type=\"heading.default\">\n\t\t\t\t<div class=\"elementor-widget-container\">\n\t\t\t\t\t<h2 class=\"elementor-heading-title elementor-size-default\"><font color=\"#777777\">Unsere Zahntechniker<\/font><\/h2>\t\t\t\t<\/div>\n\t\t\t\t<\/div>\n\t\t\t\t<div class=\"elementor-element elementor-element-a5edbd7 elementor-widget-divider--view-line elementor-widget elementor-widget-divider\" data-id=\"a5edbd7\" data-element_type=\"widget\" data-widget_type=\"divider.default\">\n\t\t\t\t<div class=\"elementor-widget-container\">\n\t\t\t\t\t\t\t<div class=\"elementor-divider\">\n\t\t\t<span class=\"elementor-divider-separator\">\n\t\t\t\t\t\t<\/span>\n\t\t<\/div>\n\t\t\t\t\t\t<\/div>\n\t\t\t\t<\/div>\n\t\t\t\t<section class=\"elementor-section elementor-inner-section elementor-element elementor-element-e8b869f elementor-section-boxed elementor-section-height-default elementor-section-height-default\" data-id=\"e8b869f\" data-element_type=\"section\">\n\t\t\t\t\t\t<div class=\"elementor-container elementor-column-gap-default\">\n\t\t\t\t\t<div class=\"elementor-column elementor-col-50 elementor-inner-column elementor-element elementor-element-c8d22bf\" data-id=\"c8d22bf\" data-element_type=\"column\">\n\t\t\t<div class=\"elementor-widget-wrap elementor-element-populated\">\n\t\t\t\t\t\t<div class=\"elementor-element elementor-element-b494b66 elementor-widget elementor-widget-image\" data-id=\"b494b66\" data-element_type=\"widget\" data-widget_type=\"image.default\">\n\t\t\t\t<div class=\"elementor-widget-container\">\n\t\t\t\t\t\t\t\t\t\t\t\t\t\t\t<img decoding=\"async\" width=\"640\" height=\"480\" src=\"https:\/\/www.implantate-soest.de\/wp-content\/uploads\/2023\/02\/Labor_neu-1024x768.jpeg\" class=\"attachment-large size-large wp-image-664\" alt=\"\" srcset=\"https:\/\/www.implantate-soest.de\/wp-content\/uploads\/2023\/02\/Labor_neu-1024x768.jpeg 1024w, https:\/\/www.implantate-soest.de\/wp-content\/uploads\/2023\/02\/Labor_neu-300x225.jpeg 300w, https:\/\/www.implantate-soest.de\/wp-content\/uploads\/2023\/02\/Labor_neu-768x576.jpeg 768w, https:\/\/www.implantate-soest.de\/wp-content\/uploads\/2023\/02\/Labor_neu-1536x1152.jpeg 1536w, https:\/\/www.implantate-soest.de\/wp-content\/uploads\/2023\/02\/Labor_neu.jpeg 1600w\" sizes=\"(max-width: 640px) 100vw, 640px\" \/>\t\t\t\t\t\t\t\t\t\t\t\t\t\t\t<\/div>\n\t\t\t\t<\/div>\n\t\t\t\t\t<\/div>\n\t\t<\/div>\n\t\t\t\t<div class=\"elementor-column elementor-col-50 elementor-inner-column elementor-element elementor-element-4c25e6d\" data-id=\"4c25e6d\" data-element_type=\"column\">\n\t\t\t<div class=\"elementor-widget-wrap elementor-element-populated\">\n\t\t\t\t\t\t<div class=\"elementor-element elementor-element-ff56e03 elementor-widget elementor-widget-text-editor\" data-id=\"ff56e03\" data-element_type=\"widget\" data-widget_type=\"text-editor.default\">\n\t\t\t\t<div class=\"elementor-widget-container\">\n\t\t\t\t\t\t\t\t\t<div>\u00a0<\/div><p>Unser praxiseigenes zahntechnisches Labor im Haus erm\u00f6glicht eine funktionelle und \u00e4sthetische Optimierung. Anproben, Farbauswahl und Korrekturen k\u00f6nnen in Anwesenheit der Zahntechniker durchgef\u00fchrt werden. Damit wird eine bestm\u00f6gliche Anpassung des neuen Zahnersatzes an den jeweiligen Typ erreicht. Das zahntechnische Labor im Haus bietet schnellen Service bei Reparaturen oder \u00c4nderungen.<\/p>\t\t\t\t\t\t\t\t<\/div>\n\t\t\t\t<\/div>\n\t\t\t\t\t<\/div>\n\t\t<\/div>\n\t\t\t\t\t<\/div>\n\t\t<\/section>\n\t\t\t\t\t<\/div>\n\t\t<\/div>\n\t\t\t\t\t<\/div>\n\t\t<\/section>\n\t\t\t\t<\/div>\n\t\t","protected":false},"excerpt":{"rendered":"<p>Das Praxislabor Unser praxiseigenes zahntechnisches Labor im Haus erm\u00f6glicht eine funktionelle und \u00e4sthetische Optimierung. Anproben, Farbauswahl und Korrekturen k\u00f6nnen in Anwesenheit der Zahntechniker durchgef\u00fchrt werden. Damit wird eine bestm\u00f6gliche Anpassung des neuen Zahnersatzes an den jeweiligen Typ erreicht. Das zahntechnische Labor im Haus bietet schnellen Service bei Reparaturen oder \u00c4nderungen. Das Praxislabor ist ein innovatives [&hellip;]<\/p>\n","protected":false},"author":1,"featured_media":0,"parent":0,"menu_order":0,"comment_status":"closed","ping_status":"closed","template":"","meta":{"footnotes":""},"_links":{"self":[{"href":"https:\/\/www.implantate-soest.de\/index.php?rest_route=\/wp\/v2\/pages\/110"}],"collection":[{"href":"https:\/\/www.implantate-soest.de\/index.php?rest_route=\/wp\/v2\/pages"}],"about":[{"href":"https:\/\/www.implantate-soest.de\/index.php?rest_route=\/wp\/v2\/types\/page"}],"author":[{"embeddable":true,"href":"https:\/\/www.implantate-soest.de\/index.php?rest_route=\/wp\/v2\/users\/1"}],"replies":[{"embeddable":true,"href":"https:\/\/www.implantate-soest.de\/index.php?rest_route=%2Fwp%2Fv2%2Fcomments&post=110"}],"version-history":[{"count":16,"href":"https:\/\/www.implantate-soest.de\/index.php?rest_route=\/wp\/v2\/pages\/110\/revisions"}],"predecessor-version":[{"id":1397,"href":"https:\/\/www.implantate-soest.de\/index.php?rest_route=\/wp\/v2\/pages\/110\/revisions\/1397"}],"wp:attachment":[{"href":"https:\/\/www.implantate-soest.de\/index.php?rest_route=%2Fwp%2Fv2%2Fmedia&parent=110"}],"curies":[{"name":"wp","href":"https:\/\/api.w.org\/{rel}","templated":true}]}}